{"id":1307,"date":"2026-02-05T12:00:03","date_gmt":"2026-02-05T11:00:03","guid":{"rendered":"https:\/\/www.dolphin-watching.com\/posidonia-the-source-of-life-in-the-sea\/"},"modified":"2026-03-20T13:32:46","modified_gmt":"2026-03-20T12:32:46","slug":"vortrag-posidonia-die-quelle-des-lebens-im-meer","status":"publish","type":"page","link":"https:\/\/www.dolphin-watching.com\/de\/vortraege-und-workshops\/vortrag-posidonia-die-quelle-des-lebens-im-meer\/","title":{"rendered":"Vortrag \u201ePosidonia \u2013 die Quelle des Lebens im Meer\u201c"},"content":{"rendered":"","protected":false},"excerpt":{"rendered":"","protected":false},"author":1,"featured_media":0,"parent":1334,"menu_order":0,"comment_status":"closed","ping_status":"closed","template":"tpl-workshop-single.php","meta":{"_acf_changed":false,"footnotes":""},"class_list":["post-1307","page","type-page","status-publish","hentry"],"acf":[],"yoast_head":"<!-- This site is optimized with the Yoast SEO plugin v27.4 - https:\/\/yoast.com\/product\/yoast-seo-wordpress\/ -->\n<title>Vortrag \u201ePosidonia \u2013 die Quelle des Lebens im Meer\u201c - Dolphin Watching Adriatic<\/title>\n<meta name=\"description\" content=\"Dieser Vortrag widmet sich den Seegrasswiesen der marinen Pflanze Posidonia \u2013 einem wahren Hotspot der Biodiversit\u00e4t. Die Teilnehmer lernen ihre \u00f6kologische Bedeutung, ihre einzigartigen biologischen Merkmale und die Gr\u00fcnde kennen, warum sie als gef\u00e4hrdete und \u00f6kologisch wertvolle Art gilt.\" \/>\n<meta name=\"robots\" content=\"index, follow, max-snippet:-1, max-image-preview:large, max-video-preview:-1\" \/>\n<link rel=\"canonical\" href=\"https:\/\/www.dolphin-watching.com\/de\/vortraege-und-workshops\/vortrag-posidonia-die-quelle-des-lebens-im-meer\/\" \/>\n<meta property=\"og:locale\" content=\"de_DE\" \/>\n<meta property=\"og:type\" content=\"article\" \/>\n<meta property=\"og:title\" content=\"Vortrag \u201ePosidonia \u2013 die Quelle des Lebens im Meer\u201c - Dolphin Watching Adriatic\" \/>\n<meta property=\"og:description\" content=\"Dieser Vortrag widmet sich den Seegrasswiesen der marinen Pflanze Posidonia \u2013 einem wahren Hotspot der Biodiversit\u00e4t. Die Teilnehmer lernen ihre \u00f6kologische Bedeutung, ihre einzigartigen biologischen Merkmale und die Gr\u00fcnde kennen, warum sie als gef\u00e4hrdete und \u00f6kologisch wertvolle Art gilt.\" \/>\n<meta property=\"og:url\" content=\"https:\/\/www.dolphin-watching.com\/de\/vortraege-und-workshops\/vortrag-posidonia-die-quelle-des-lebens-im-meer\/\" \/>\n<meta property=\"og:site_name\" content=\"Dolphin Watching Adriatic\" \/>\n<meta property=\"article:publisher\" content=\"https:\/\/www.facebook.com\/DolphinWatchingAdriatic\/\" \/>\n<meta property=\"article:modified_time\" content=\"2026-03-20T12:32:46+00:00\" \/>\n<meta property=\"og:image\" content=\"https:\/\/www.dolphin-watching.com\/upload-data\/2018\/05\/dolphin-watching-facebook.png\" \/>\n\t<meta property=\"og:image:width\" content=\"1440\" \/>\n\t<meta property=\"og:image:height\" content=\"750\" \/>\n\t<meta property=\"og:image:type\" content=\"image\/png\" \/>\n<meta name=\"twitter:card\" content=\"summary_large_image\" \/>\n<meta name=\"twitter:site\" content=\"@AdriaticDolphin\" \/>\n<meta name=\"twitter:label1\" content=\"Gesch\u00e4tzte Lesezeit\" \/>\n\t<meta name=\"twitter:data1\" content=\"1\u00a0Minute\" \/>\n<script type=\"application\/ld+json\" class=\"yoast-schema-graph\">{\"@context\":\"https:\\\/\\\/schema.org\",\"@graph\":[{\"@type\":\"WebPage\",\"@id\":\"https:\\\/\\\/www.dolphin-watching.com\\\/de\\\/vortraege-und-workshops\\\/vortrag-posidonia-die-quelle-des-lebens-im-meer\\\/\",\"url\":\"https:\\\/\\\/www.dolphin-watching.com\\\/de\\\/vortraege-und-workshops\\\/vortrag-posidonia-die-quelle-des-lebens-im-meer\\\/\",\"name\":\"Vortrag \u201ePosidonia \u2013 die Quelle des Lebens im Meer\u201c - Dolphin Watching Adriatic\",\"isPartOf\":{\"@id\":\"https:\\\/\\\/www.dolphin-watching.com\\\/#website\"},\"datePublished\":\"2026-02-05T11:00:03+00:00\",\"dateModified\":\"2026-03-20T12:32:46+00:00\",\"description\":\"Dieser Vortrag widmet sich den Seegrasswiesen der marinen Pflanze Posidonia \u2013 einem wahren Hotspot der Biodiversit\u00e4t. Die Teilnehmer lernen ihre \u00f6kologische Bedeutung, ihre einzigartigen biologischen Merkmale und die Gr\u00fcnde kennen, warum sie als gef\u00e4hrdete und \u00f6kologisch wertvolle Art gilt.\",\"breadcrumb\":{\"@id\":\"https:\\\/\\\/www.dolphin-watching.com\\\/de\\\/vortraege-und-workshops\\\/vortrag-posidonia-die-quelle-des-lebens-im-meer\\\/#breadcrumb\"},\"inLanguage\":\"de\",\"potentialAction\":[{\"@type\":\"ReadAction\",\"target\":[\"https:\\\/\\\/www.dolphin-watching.com\\\/de\\\/vortraege-und-workshops\\\/vortrag-posidonia-die-quelle-des-lebens-im-meer\\\/\"]}]},{\"@type\":\"BreadcrumbList\",\"@id\":\"https:\\\/\\\/www.dolphin-watching.com\\\/de\\\/vortraege-und-workshops\\\/vortrag-posidonia-die-quelle-des-lebens-im-meer\\\/#breadcrumb\",\"itemListElement\":[{\"@type\":\"ListItem\",\"position\":1,\"name\":\"Po\u010detna stranica\",\"item\":\"https:\\\/\\\/www.dolphin-watching.com\\\/de\\\/\"},{\"@type\":\"ListItem\",\"position\":2,\"name\":\"Vortr\u00e4ge und Workshops\",\"item\":\"https:\\\/\\\/www.dolphin-watching.com\\\/de\\\/vortraege-und-workshops\\\/\"},{\"@type\":\"ListItem\",\"position\":3,\"name\":\"Vortrag \u201ePosidonia \u2013 die Quelle des Lebens im Meer\u201c\"}]},{\"@type\":\"WebSite\",\"@id\":\"https:\\\/\\\/www.dolphin-watching.com\\\/#website\",\"url\":\"https:\\\/\\\/www.dolphin-watching.com\\\/\",\"name\":\"Dolphin Watching Adriatic\",\"description\":\"\",\"publisher\":{\"@id\":\"https:\\\/\\\/www.dolphin-watching.com\\\/#organization\"},\"potentialAction\":[{\"@type\":\"SearchAction\",\"target\":{\"@type\":\"EntryPoint\",\"urlTemplate\":\"https:\\\/\\\/www.dolphin-watching.com\\\/?s={search_term_string}\"},\"query-input\":{\"@type\":\"PropertyValueSpecification\",\"valueRequired\":true,\"valueName\":\"search_term_string\"}}],\"inLanguage\":\"de\"},{\"@type\":\"Organization\",\"@id\":\"https:\\\/\\\/www.dolphin-watching.com\\\/#organization\",\"name\":\"Dolphin Watching Adriatic\",\"url\":\"https:\\\/\\\/www.dolphin-watching.com\\\/\",\"logo\":{\"@type\":\"ImageObject\",\"inLanguage\":\"de\",\"@id\":\"https:\\\/\\\/www.dolphin-watching.com\\\/#\\\/schema\\\/logo\\\/image\\\/\",\"url\":\"https:\\\/\\\/www.dolphin-watching.com\\\/wp-content\\\/uploads\\\/2018\\\/04\\\/52b15c_62711e04b77c4f2889ee5f288c0d6306.png\",\"contentUrl\":\"https:\\\/\\\/www.dolphin-watching.com\\\/wp-content\\\/uploads\\\/2018\\\/04\\\/52b15c_62711e04b77c4f2889ee5f288c0d6306.png\",\"width\":249,\"height\":260,\"caption\":\"Dolphin Watching Adriatic\"},\"image\":{\"@id\":\"https:\\\/\\\/www.dolphin-watching.com\\\/#\\\/schema\\\/logo\\\/image\\\/\"},\"sameAs\":[\"https:\\\/\\\/www.facebook.com\\\/DolphinWatchingAdriatic\\\/\",\"https:\\\/\\\/x.com\\\/AdriaticDolphin\",\"https:\\\/\\\/www.instagram.com\\\/dolphinwatching.adriatic\\\/\",\"https:\\\/\\\/www.youtube.com\\\/user\\\/BlueWorldInstutute\"]}]}<\/script>\n<!-- \/ Yoast SEO plugin. -->","yoast_head_json":{"title":"Vortrag \u201ePosidonia \u2013 die Quelle des Lebens im Meer\u201c - Dolphin Watching Adriatic","description":"Dieser Vortrag widmet sich den Seegrasswiesen der marinen Pflanze Posidonia \u2013 einem wahren Hotspot der Biodiversit\u00e4t. Die Teilnehmer lernen ihre \u00f6kologische Bedeutung, ihre einzigartigen biologischen Merkmale und die Gr\u00fcnde kennen, warum sie als gef\u00e4hrdete und \u00f6kologisch wertvolle Art gilt.","robots":{"index":"index","follow":"follow","max-snippet":"max-snippet:-1","max-image-preview":"max-image-preview:large","max-video-preview":"max-video-preview:-1"},"canonical":"https:\/\/www.dolphin-watching.com\/de\/vortraege-und-workshops\/vortrag-posidonia-die-quelle-des-lebens-im-meer\/","og_locale":"de_DE","og_type":"article","og_title":"Vortrag \u201ePosidonia \u2013 die Quelle des Lebens im Meer\u201c - Dolphin Watching Adriatic","og_description":"Dieser Vortrag widmet sich den Seegrasswiesen der marinen Pflanze Posidonia \u2013 einem wahren Hotspot der Biodiversit\u00e4t. Die Teilnehmer lernen ihre \u00f6kologische Bedeutung, ihre einzigartigen biologischen Merkmale und die Gr\u00fcnde kennen, warum sie als gef\u00e4hrdete und \u00f6kologisch wertvolle Art gilt.","og_url":"https:\/\/www.dolphin-watching.com\/de\/vortraege-und-workshops\/vortrag-posidonia-die-quelle-des-lebens-im-meer\/","og_site_name":"Dolphin Watching Adriatic","article_publisher":"https:\/\/www.facebook.com\/DolphinWatchingAdriatic\/","article_modified_time":"2026-03-20T12:32:46+00:00","og_image":[{"width":1440,"height":750,"url":"https:\/\/www.dolphin-watching.com\/upload-data\/2018\/05\/dolphin-watching-facebook.png","type":"image\/png"}],"twitter_card":"summary_large_image","twitter_site":"@AdriaticDolphin","twitter_misc":{"Gesch\u00e4tzte Lesezeit":"1\u00a0Minute"},"schema":{"@context":"https:\/\/schema.org","@graph":[{"@type":"WebPage","@id":"https:\/\/www.dolphin-watching.com\/de\/vortraege-und-workshops\/vortrag-posidonia-die-quelle-des-lebens-im-meer\/","url":"https:\/\/www.dolphin-watching.com\/de\/vortraege-und-workshops\/vortrag-posidonia-die-quelle-des-lebens-im-meer\/","name":"Vortrag \u201ePosidonia \u2013 die Quelle des Lebens im Meer\u201c - Dolphin Watching Adriatic","isPartOf":{"@id":"https:\/\/www.dolphin-watching.com\/#website"},"datePublished":"2026-02-05T11:00:03+00:00","dateModified":"2026-03-20T12:32:46+00:00","description":"Dieser Vortrag widmet sich den Seegrasswiesen der marinen Pflanze Posidonia \u2013 einem wahren Hotspot der Biodiversit\u00e4t. Die Teilnehmer lernen ihre \u00f6kologische Bedeutung, ihre einzigartigen biologischen Merkmale und die Gr\u00fcnde kennen, warum sie als gef\u00e4hrdete und \u00f6kologisch wertvolle Art gilt.","breadcrumb":{"@id":"https:\/\/www.dolphin-watching.com\/de\/vortraege-und-workshops\/vortrag-posidonia-die-quelle-des-lebens-im-meer\/#breadcrumb"},"inLanguage":"de","potentialAction":[{"@type":"ReadAction","target":["https:\/\/www.dolphin-watching.com\/de\/vortraege-und-workshops\/vortrag-posidonia-die-quelle-des-lebens-im-meer\/"]}]},{"@type":"BreadcrumbList","@id":"https:\/\/www.dolphin-watching.com\/de\/vortraege-und-workshops\/vortrag-posidonia-die-quelle-des-lebens-im-meer\/#breadcrumb","itemListElement":[{"@type":"ListItem","position":1,"name":"Po\u010detna stranica","item":"https:\/\/www.dolphin-watching.com\/de\/"},{"@type":"ListItem","position":2,"name":"Vortr\u00e4ge und Workshops","item":"https:\/\/www.dolphin-watching.com\/de\/vortraege-und-workshops\/"},{"@type":"ListItem","position":3,"name":"Vortrag \u201ePosidonia \u2013 die Quelle des Lebens im Meer\u201c"}]},{"@type":"WebSite","@id":"https:\/\/www.dolphin-watching.com\/#website","url":"https:\/\/www.dolphin-watching.com\/","name":"Dolphin Watching Adriatic","description":"","publisher":{"@id":"https:\/\/www.dolphin-watching.com\/#organization"},"potentialAction":[{"@type":"SearchAction","target":{"@type":"EntryPoint","urlTemplate":"https:\/\/www.dolphin-watching.com\/?s={search_term_string}"},"query-input":{"@type":"PropertyValueSpecification","valueRequired":true,"valueName":"search_term_string"}}],"inLanguage":"de"},{"@type":"Organization","@id":"https:\/\/www.dolphin-watching.com\/#organization","name":"Dolphin Watching Adriatic","url":"https:\/\/www.dolphin-watching.com\/","logo":{"@type":"ImageObject","inLanguage":"de","@id":"https:\/\/www.dolphin-watching.com\/#\/schema\/logo\/image\/","url":"https:\/\/www.dolphin-watching.com\/upload-data\/2018\/04\/52b15c_62711e04b77c4f2889ee5f288c0d6306.png","contentUrl":"https:\/\/www.dolphin-watching.com\/upload-data\/2018\/04\/52b15c_62711e04b77c4f2889ee5f288c0d6306.png","width":249,"height":260,"caption":"Dolphin Watching Adriatic"},"image":{"@id":"https:\/\/www.dolphin-watching.com\/#\/schema\/logo\/image\/"},"sameAs":["https:\/\/www.facebook.com\/DolphinWatchingAdriatic\/","https:\/\/x.com\/AdriaticDolphin","https:\/\/www.instagram.com\/dolphinwatching.adriatic\/","https:\/\/www.youtube.com\/user\/BlueWorldInstutute"]}]}},"_links":{"self":[{"href":"https:\/\/www.dolphin-watching.com\/de\/wp-json\/wp\/v2\/pages\/1307","targetHints":{"allow":["GET"]}}],"collection":[{"href":"https:\/\/www.dolphin-watching.com\/de\/wp-json\/wp\/v2\/pages"}],"about":[{"href":"https:\/\/www.dolphin-watching.com\/de\/wp-json\/wp\/v2\/types\/page"}],"author":[{"embeddable":true,"href":"https:\/\/www.dolphin-watching.com\/de\/wp-json\/wp\/v2\/users\/1"}],"replies":[{"embeddable":true,"href":"https:\/\/www.dolphin-watching.com\/de\/wp-json\/wp\/v2\/comments?post=1307"}],"version-history":[{"count":2,"href":"https:\/\/www.dolphin-watching.com\/de\/wp-json\/wp\/v2\/pages\/1307\/revisions"}],"predecessor-version":[{"id":1439,"href":"https:\/\/www.dolphin-watching.com\/de\/wp-json\/wp\/v2\/pages\/1307\/revisions\/1439"}],"up":[{"embeddable":true,"href":"https:\/\/www.dolphin-watching.com\/de\/wp-json\/wp\/v2\/pages\/1334"}],"wp:attachment":[{"href":"https:\/\/www.dolphin-watching.com\/de\/wp-json\/wp\/v2\/media?parent=1307"}],"curies":[{"name":"wp","href":"https:\/\/api.w.org\/{rel}","templated":true}]}}