{"id":14,"date":"2018-04-04T22:39:03","date_gmt":"2018-04-04T20:39:03","guid":{"rendered":"http:\/\/localhost\/dolphin\/dolphin-watching-adriatic\/"},"modified":"2025-03-31T11:13:46","modified_gmt":"2025-03-31T09:13:46","slug":"dolfin-watching-trips","status":"publish","type":"page","link":"https:\/\/www.dolphin-watching.com\/de\/","title":{"rendered":"Dolfin watching Trips"},"content":{"rendered":"<h2>Veli Lo\u0161inj, Adria, Kroatien<\/h2>\n<p>Die Grossen T\u00fcmmler vor Lo\u0161inj sind die bekanntesten Delfine der Adria, da sie schon 3 Jahrzehnte untersucht werden. Sie leben ihr ganzes Leben in der Kvarner Bucht, so dass die Wissenschaftler jeden Delfin beim Namen kennen. Die Delfinpopulation vor Lo\u0161inj ist relativ klein und wird auf eine Zahl von etwa <strong>200 Tieren gesch\u00e4tzt<\/strong>. Die \u00e4ltesten Delfine vor Lo\u0161inj, <strong>Vivian<\/strong>, <strong>Tac<\/strong> und <strong>Mida<\/strong>, sind \u00fcber 30 Jahre alt!<\/p>\n<p>Erfahrene Skipper und das Wissen unserer Wissenschaftler garantieren Ihnen ein einzigartiges Erlebnis!<\/p>\n<p>Nutzen Sie Ihren <strong>freien Eintritt<\/strong> in das \u201c<strong><a href=\"https:\/\/goo.gl\/maps\/dFVKN3aB6BB2\" target=\"_blank\" rel=\"noopener noreferrer\">Lo\u0161inj marine education centre<\/a><\/strong>\u201d nach dem Ausflug und erfahren Sie mehr \u00fcber diese faszinierenden Tiere.<\/p>\n","protected":false},"excerpt":{"rendered":"<p>Veli Lo\u0161inj, Adria, Kroatien Die Grossen T\u00fcmmler vor Lo\u0161inj sind die bekanntesten Delfine der Adria, da sie schon 3 Jahrzehnte untersucht werden. Sie leben ihr ganzes Leben in der Kvarner Bucht, so dass die Wissenschaftler jeden Delfin beim &hellip;<\/p>\n","protected":false},"author":1,"featured_media":0,"parent":0,"menu_order":1,"comment_status":"closed","ping_status":"closed","template":"tpl-home.php","meta":{"_acf_changed":false,"footnotes":""},"class_list":["post-14","page","type-page","status-publish","hentry"],"acf":[],"yoast_head":"<!-- This site is optimized with the Yoast SEO plugin v27.4 - https:\/\/yoast.com\/product\/yoast-seo-wordpress\/ -->\n<title>Dolfin watching Trips | Veli Lo\u0161inj, Adria, Kroatien<\/title>\n<meta name=\"robots\" content=\"index, follow, max-snippet:-1, max-image-preview:large, max-video-preview:-1\" \/>\n<link rel=\"canonical\" href=\"https:\/\/www.dolphin-watching.com\/de\/\" \/>\n<meta property=\"og:locale\" content=\"de_DE\" \/>\n<meta property=\"og:type\" content=\"article\" \/>\n<meta property=\"og:title\" content=\"Dolfin watching Trips | Veli Lo\u0161inj, Adria, Kroatien\" \/>\n<meta property=\"og:description\" content=\"Veli Lo\u0161inj, Adria, Kroatien Die Grossen T\u00fcmmler vor Lo\u0161inj sind die bekanntesten Delfine der Adria, da sie schon 3 Jahrzehnte untersucht werden. Sie leben ihr ganzes Leben in der Kvarner Bucht, so dass die Wissenschaftler jeden Delfin beim &hellip;\" \/>\n<meta property=\"og:url\" content=\"https:\/\/www.dolphin-watching.com\/de\/\" \/>\n<meta property=\"og:site_name\" content=\"Dolphin Watching Adriatic\" \/>\n<meta property=\"article:publisher\" content=\"https:\/\/www.facebook.com\/DolphinWatchingAdriatic\/\" \/>\n<meta property=\"article:modified_time\" content=\"2025-03-31T09:13:46+00:00\" \/>\n<meta property=\"og:image\" content=\"https:\/\/www.dolphin-watching.com\/upload-data\/2018\/05\/dolphin-watching-facebook.png\" \/>\n\t<meta property=\"og:image:width\" content=\"1440\" \/>\n\t<meta property=\"og:image:height\" content=\"750\" \/>\n\t<meta property=\"og:image:type\" content=\"image\/png\" \/>\n<meta name=\"twitter:card\" content=\"summary_large_image\" \/>\n<meta name=\"twitter:site\" content=\"@AdriaticDolphin\" \/>\n<meta name=\"twitter:label1\" content=\"Gesch\u00e4tzte Lesezeit\" \/>\n\t<meta name=\"twitter:data1\" content=\"2\u00a0Minuten\" \/>\n<script type=\"application\/ld+json\" class=\"yoast-schema-graph\">{\"@context\":\"https:\\\/\\\/schema.org\",\"@graph\":[{\"@type\":\"WebPage\",\"@id\":\"https:\\\/\\\/www.dolphin-watching.com\\\/de\\\/\",\"url\":\"https:\\\/\\\/www.dolphin-watching.com\\\/de\\\/\",\"name\":\"Dolfin watching Trips | Veli Lo\u0161inj, Adria, Kroatien\",\"isPartOf\":{\"@id\":\"https:\\\/\\\/www.dolphin-watching.com\\\/#website\"},\"datePublished\":\"2018-04-04T20:39:03+00:00\",\"dateModified\":\"2025-03-31T09:13:46+00:00\",\"breadcrumb\":{\"@id\":\"https:\\\/\\\/www.dolphin-watching.com\\\/de\\\/#breadcrumb\"},\"inLanguage\":\"de\",\"potentialAction\":[{\"@type\":\"ReadAction\",\"target\":[\"https:\\\/\\\/www.dolphin-watching.com\\\/de\\\/\"]}]},{\"@type\":\"BreadcrumbList\",\"@id\":\"https:\\\/\\\/www.dolphin-watching.com\\\/de\\\/#breadcrumb\",\"itemListElement\":[{\"@type\":\"ListItem\",\"position\":1,\"name\":\"Po\u010detna stranica\",\"item\":\"https:\\\/\\\/www.dolphin-watching.com\\\/de\\\/\"},{\"@type\":\"ListItem\",\"position\":2,\"name\":\"Dolfin watching Trips\"}]},{\"@type\":\"WebSite\",\"@id\":\"https:\\\/\\\/www.dolphin-watching.com\\\/#website\",\"url\":\"https:\\\/\\\/www.dolphin-watching.com\\\/\",\"name\":\"Dolphin Watching Adriatic\",\"description\":\"\",\"publisher\":{\"@id\":\"https:\\\/\\\/www.dolphin-watching.com\\\/#organization\"},\"potentialAction\":[{\"@type\":\"SearchAction\",\"target\":{\"@type\":\"EntryPoint\",\"urlTemplate\":\"https:\\\/\\\/www.dolphin-watching.com\\\/?s={search_term_string}\"},\"query-input\":{\"@type\":\"PropertyValueSpecification\",\"valueRequired\":true,\"valueName\":\"search_term_string\"}}],\"inLanguage\":\"de\"},{\"@type\":\"Organization\",\"@id\":\"https:\\\/\\\/www.dolphin-watching.com\\\/#organization\",\"name\":\"Dolphin Watching Adriatic\",\"url\":\"https:\\\/\\\/www.dolphin-watching.com\\\/\",\"logo\":{\"@type\":\"ImageObject\",\"inLanguage\":\"de\",\"@id\":\"https:\\\/\\\/www.dolphin-watching.com\\\/#\\\/schema\\\/logo\\\/image\\\/\",\"url\":\"https:\\\/\\\/www.dolphin-watching.com\\\/wp-content\\\/uploads\\\/2018\\\/04\\\/52b15c_62711e04b77c4f2889ee5f288c0d6306.png\",\"contentUrl\":\"https:\\\/\\\/www.dolphin-watching.com\\\/wp-content\\\/uploads\\\/2018\\\/04\\\/52b15c_62711e04b77c4f2889ee5f288c0d6306.png\",\"width\":249,\"height\":260,\"caption\":\"Dolphin Watching Adriatic\"},\"image\":{\"@id\":\"https:\\\/\\\/www.dolphin-watching.com\\\/#\\\/schema\\\/logo\\\/image\\\/\"},\"sameAs\":[\"https:\\\/\\\/www.facebook.com\\\/DolphinWatchingAdriatic\\\/\",\"https:\\\/\\\/x.com\\\/AdriaticDolphin\",\"https:\\\/\\\/www.instagram.com\\\/dolphinwatching.adriatic\\\/\",\"https:\\\/\\\/www.youtube.com\\\/user\\\/BlueWorldInstutute\"]}]}<\/script>\n<!-- \/ Yoast SEO plugin. -->","yoast_head_json":{"title":"Dolfin watching Trips | Veli Lo\u0161inj, Adria, Kroatien","robots":{"index":"index","follow":"follow","max-snippet":"max-snippet:-1","max-image-preview":"max-image-preview:large","max-video-preview":"max-video-preview:-1"},"canonical":"https:\/\/www.dolphin-watching.com\/de\/","og_locale":"de_DE","og_type":"article","og_title":"Dolfin watching Trips | Veli Lo\u0161inj, Adria, Kroatien","og_description":"Veli Lo\u0161inj, Adria, Kroatien Die Grossen T\u00fcmmler vor Lo\u0161inj sind die bekanntesten Delfine der Adria, da sie schon 3 Jahrzehnte untersucht werden. Sie leben ihr ganzes Leben in der Kvarner Bucht, so dass die Wissenschaftler jeden Delfin beim &hellip;","og_url":"https:\/\/www.dolphin-watching.com\/de\/","og_site_name":"Dolphin Watching Adriatic","article_publisher":"https:\/\/www.facebook.com\/DolphinWatchingAdriatic\/","article_modified_time":"2025-03-31T09:13:46+00:00","og_image":[{"width":1440,"height":750,"url":"https:\/\/www.dolphin-watching.com\/upload-data\/2018\/05\/dolphin-watching-facebook.png","type":"image\/png"}],"twitter_card":"summary_large_image","twitter_site":"@AdriaticDolphin","twitter_misc":{"Gesch\u00e4tzte Lesezeit":"2\u00a0Minuten"},"schema":{"@context":"https:\/\/schema.org","@graph":[{"@type":"WebPage","@id":"https:\/\/www.dolphin-watching.com\/de\/","url":"https:\/\/www.dolphin-watching.com\/de\/","name":"Dolfin watching Trips | Veli Lo\u0161inj, Adria, Kroatien","isPartOf":{"@id":"https:\/\/www.dolphin-watching.com\/#website"},"datePublished":"2018-04-04T20:39:03+00:00","dateModified":"2025-03-31T09:13:46+00:00","breadcrumb":{"@id":"https:\/\/www.dolphin-watching.com\/de\/#breadcrumb"},"inLanguage":"de","potentialAction":[{"@type":"ReadAction","target":["https:\/\/www.dolphin-watching.com\/de\/"]}]},{"@type":"BreadcrumbList","@id":"https:\/\/www.dolphin-watching.com\/de\/#breadcrumb","itemListElement":[{"@type":"ListItem","position":1,"name":"Po\u010detna stranica","item":"https:\/\/www.dolphin-watching.com\/de\/"},{"@type":"ListItem","position":2,"name":"Dolfin watching Trips"}]},{"@type":"WebSite","@id":"https:\/\/www.dolphin-watching.com\/#website","url":"https:\/\/www.dolphin-watching.com\/","name":"Dolphin Watching Adriatic","description":"","publisher":{"@id":"https:\/\/www.dolphin-watching.com\/#organization"},"potentialAction":[{"@type":"SearchAction","target":{"@type":"EntryPoint","urlTemplate":"https:\/\/www.dolphin-watching.com\/?s={search_term_string}"},"query-input":{"@type":"PropertyValueSpecification","valueRequired":true,"valueName":"search_term_string"}}],"inLanguage":"de"},{"@type":"Organization","@id":"https:\/\/www.dolphin-watching.com\/#organization","name":"Dolphin Watching Adriatic","url":"https:\/\/www.dolphin-watching.com\/","logo":{"@type":"ImageObject","inLanguage":"de","@id":"https:\/\/www.dolphin-watching.com\/#\/schema\/logo\/image\/","url":"https:\/\/www.dolphin-watching.com\/upload-data\/2018\/04\/52b15c_62711e04b77c4f2889ee5f288c0d6306.png","contentUrl":"https:\/\/www.dolphin-watching.com\/upload-data\/2018\/04\/52b15c_62711e04b77c4f2889ee5f288c0d6306.png","width":249,"height":260,"caption":"Dolphin Watching Adriatic"},"image":{"@id":"https:\/\/www.dolphin-watching.com\/#\/schema\/logo\/image\/"},"sameAs":["https:\/\/www.facebook.com\/DolphinWatchingAdriatic\/","https:\/\/x.com\/AdriaticDolphin","https:\/\/www.instagram.com\/dolphinwatching.adriatic\/","https:\/\/www.youtube.com\/user\/BlueWorldInstutute"]}]}},"_links":{"self":[{"href":"https:\/\/www.dolphin-watching.com\/de\/wp-json\/wp\/v2\/pages\/14","targetHints":{"allow":["GET"]}}],"collection":[{"href":"https:\/\/www.dolphin-watching.com\/de\/wp-json\/wp\/v2\/pages"}],"about":[{"href":"https:\/\/www.dolphin-watching.com\/de\/wp-json\/wp\/v2\/types\/page"}],"author":[{"embeddable":true,"href":"https:\/\/www.dolphin-watching.com\/de\/wp-json\/wp\/v2\/users\/1"}],"replies":[{"embeddable":true,"href":"https:\/\/www.dolphin-watching.com\/de\/wp-json\/wp\/v2\/comments?post=14"}],"version-history":[{"count":12,"href":"https:\/\/www.dolphin-watching.com\/de\/wp-json\/wp\/v2\/pages\/14\/revisions"}],"predecessor-version":[{"id":1093,"href":"https:\/\/www.dolphin-watching.com\/de\/wp-json\/wp\/v2\/pages\/14\/revisions\/1093"}],"wp:attachment":[{"href":"https:\/\/www.dolphin-watching.com\/de\/wp-json\/wp\/v2\/media?parent=14"}],"curies":[{"name":"wp","href":"https:\/\/api.w.org\/{rel}","templated":true}]}}