{"id":300,"date":"2018-04-15T15:56:31","date_gmt":"2018-04-15T13:56:31","guid":{"rendered":"http:\/\/projects.redneck.media\/dolphin\/what-species-you-could-see-in-the-northern-adriatic\/"},"modified":"2018-04-19T21:38:58","modified_gmt":"2018-04-19T19:38:58","slug":"arten","status":"publish","type":"page","link":"https:\/\/www.dolphin-watching.com\/de\/arten\/","title":{"rendered":"Welche Arten kann man in der N\u00f6rdlichen Adria sehen?"},"content":{"rendered":"<p>Es gibt mehrere Cetaceenarten in der N\u00f6rdlichen Adria, aber nur Grosse T\u00fcmmler sind st\u00e4ndige Bewohner dieses Gebietes. Der Streifendelfin, Gew\u00f6hnliche Delfin und Finnwale sind nur seltene Besucher. Viele andere bedrohte und charismatische Meeresvertebraten kommen in diesem Gebiet vor.<\/p>\n","protected":false},"excerpt":{"rendered":"<p>Es gibt mehrere Cetaceenarten in der N\u00f6rdlichen Adria, aber nur Grosse T\u00fcmmler sind st\u00e4ndige Bewohner dieses Gebietes. Der Streifendelfin, Gew\u00f6hnliche Delfin und Finnwale sind nur seltene Besucher. Viele andere bedrohte und charismatische Meeresvertebraten kommen in diesem Gebiet vor.<\/p>\n","protected":false},"author":1,"featured_media":0,"parent":0,"menu_order":7,"comment_status":"closed","ping_status":"closed","template":"","meta":{"_acf_changed":false,"footnotes":""},"class_list":["post-300","page","type-page","status-publish","hentry"],"acf":[],"yoast_head":"<!-- This site is optimized with the Yoast SEO plugin v27.5 - https:\/\/yoast.com\/product\/yoast-seo-wordpress\/ -->\n<title>Welche Arten kann man in der N\u00f6rdlichen Adria sehen? - Dolphin Watching Adriatic<\/title>\n<meta name=\"robots\" content=\"index, follow, max-snippet:-1, max-image-preview:large, max-video-preview:-1\" \/>\n<link rel=\"canonical\" href=\"https:\/\/www.dolphin-watching.com\/de\/arten\/\" \/>\n<meta property=\"og:locale\" content=\"de_DE\" \/>\n<meta property=\"og:type\" content=\"article\" \/>\n<meta property=\"og:title\" content=\"Welche Arten kann man in der N\u00f6rdlichen Adria sehen? - Dolphin Watching Adriatic\" \/>\n<meta property=\"og:description\" content=\"Es gibt mehrere Cetaceenarten in der N\u00f6rdlichen Adria, aber nur Grosse T\u00fcmmler sind st\u00e4ndige Bewohner dieses Gebietes. Der Streifendelfin, Gew\u00f6hnliche Delfin und Finnwale sind nur seltene Besucher. Viele andere bedrohte und charismatische Meeresvertebraten kommen in diesem Gebiet vor.\" \/>\n<meta property=\"og:url\" content=\"https:\/\/www.dolphin-watching.com\/de\/arten\/\" \/>\n<meta property=\"og:site_name\" content=\"Dolphin Watching Adriatic\" \/>\n<meta property=\"article:publisher\" content=\"https:\/\/www.facebook.com\/DolphinWatchingAdriatic\/\" \/>\n<meta property=\"article:modified_time\" content=\"2018-04-19T19:38:58+00:00\" \/>\n<meta property=\"og:image\" content=\"https:\/\/www.dolphin-watching.com\/upload-data\/2018\/05\/dolphin-watching-facebook.png\" \/>\n\t<meta property=\"og:image:width\" content=\"1440\" \/>\n\t<meta property=\"og:image:height\" content=\"750\" \/>\n\t<meta property=\"og:image:type\" content=\"image\/png\" \/>\n<meta name=\"twitter:card\" content=\"summary_large_image\" \/>\n<meta name=\"twitter:site\" content=\"@AdriaticDolphin\" \/>\n<script type=\"application\/ld+json\" class=\"yoast-schema-graph\">{\"@context\":\"https:\\\/\\\/schema.org\",\"@graph\":[{\"@type\":\"WebPage\",\"@id\":\"https:\\\/\\\/www.dolphin-watching.com\\\/de\\\/arten\\\/\",\"url\":\"https:\\\/\\\/www.dolphin-watching.com\\\/de\\\/arten\\\/\",\"name\":\"Welche Arten kann man in der N\u00f6rdlichen Adria sehen? - Dolphin Watching Adriatic\",\"isPartOf\":{\"@id\":\"https:\\\/\\\/www.dolphin-watching.com\\\/#website\"},\"datePublished\":\"2018-04-15T13:56:31+00:00\",\"dateModified\":\"2018-04-19T19:38:58+00:00\",\"breadcrumb\":{\"@id\":\"https:\\\/\\\/www.dolphin-watching.com\\\/de\\\/arten\\\/#breadcrumb\"},\"inLanguage\":\"de\",\"potentialAction\":[{\"@type\":\"ReadAction\",\"target\":[\"https:\\\/\\\/www.dolphin-watching.com\\\/de\\\/arten\\\/\"]}]},{\"@type\":\"BreadcrumbList\",\"@id\":\"https:\\\/\\\/www.dolphin-watching.com\\\/de\\\/arten\\\/#breadcrumb\",\"itemListElement\":[{\"@type\":\"ListItem\",\"position\":1,\"name\":\"Po\u010detna stranica\",\"item\":\"https:\\\/\\\/www.dolphin-watching.com\\\/de\\\/\"},{\"@type\":\"ListItem\",\"position\":2,\"name\":\"Welche Arten kann man in der N\u00f6rdlichen Adria sehen?\"}]},{\"@type\":\"WebSite\",\"@id\":\"https:\\\/\\\/www.dolphin-watching.com\\\/#website\",\"url\":\"https:\\\/\\\/www.dolphin-watching.com\\\/\",\"name\":\"Dolphin Watching Adriatic\",\"description\":\"\",\"publisher\":{\"@id\":\"https:\\\/\\\/www.dolphin-watching.com\\\/#organization\"},\"potentialAction\":[{\"@type\":\"SearchAction\",\"target\":{\"@type\":\"EntryPoint\",\"urlTemplate\":\"https:\\\/\\\/www.dolphin-watching.com\\\/?s={search_term_string}\"},\"query-input\":{\"@type\":\"PropertyValueSpecification\",\"valueRequired\":true,\"valueName\":\"search_term_string\"}}],\"inLanguage\":\"de\"},{\"@type\":\"Organization\",\"@id\":\"https:\\\/\\\/www.dolphin-watching.com\\\/#organization\",\"name\":\"Dolphin Watching Adriatic\",\"url\":\"https:\\\/\\\/www.dolphin-watching.com\\\/\",\"logo\":{\"@type\":\"ImageObject\",\"inLanguage\":\"de\",\"@id\":\"https:\\\/\\\/www.dolphin-watching.com\\\/#\\\/schema\\\/logo\\\/image\\\/\",\"url\":\"https:\\\/\\\/www.dolphin-watching.com\\\/wp-content\\\/uploads\\\/2018\\\/04\\\/52b15c_62711e04b77c4f2889ee5f288c0d6306.png\",\"contentUrl\":\"https:\\\/\\\/www.dolphin-watching.com\\\/wp-content\\\/uploads\\\/2018\\\/04\\\/52b15c_62711e04b77c4f2889ee5f288c0d6306.png\",\"width\":249,\"height\":260,\"caption\":\"Dolphin Watching Adriatic\"},\"image\":{\"@id\":\"https:\\\/\\\/www.dolphin-watching.com\\\/#\\\/schema\\\/logo\\\/image\\\/\"},\"sameAs\":[\"https:\\\/\\\/www.facebook.com\\\/DolphinWatchingAdriatic\\\/\",\"https:\\\/\\\/x.com\\\/AdriaticDolphin\",\"https:\\\/\\\/www.instagram.com\\\/dolphinwatching.adriatic\\\/\",\"https:\\\/\\\/www.youtube.com\\\/user\\\/BlueWorldInstutute\"]}]}<\/script>\n<!-- \/ Yoast SEO plugin. -->","yoast_head_json":{"title":"Welche Arten kann man in der N\u00f6rdlichen Adria sehen? - Dolphin Watching Adriatic","robots":{"index":"index","follow":"follow","max-snippet":"max-snippet:-1","max-image-preview":"max-image-preview:large","max-video-preview":"max-video-preview:-1"},"canonical":"https:\/\/www.dolphin-watching.com\/de\/arten\/","og_locale":"de_DE","og_type":"article","og_title":"Welche Arten kann man in der N\u00f6rdlichen Adria sehen? - Dolphin Watching Adriatic","og_description":"Es gibt mehrere Cetaceenarten in der N\u00f6rdlichen Adria, aber nur Grosse T\u00fcmmler sind st\u00e4ndige Bewohner dieses Gebietes. Der Streifendelfin, Gew\u00f6hnliche Delfin und Finnwale sind nur seltene Besucher. Viele andere bedrohte und charismatische Meeresvertebraten kommen in diesem Gebiet vor.","og_url":"https:\/\/www.dolphin-watching.com\/de\/arten\/","og_site_name":"Dolphin Watching Adriatic","article_publisher":"https:\/\/www.facebook.com\/DolphinWatchingAdriatic\/","article_modified_time":"2018-04-19T19:38:58+00:00","og_image":[{"width":1440,"height":750,"url":"https:\/\/www.dolphin-watching.com\/upload-data\/2018\/05\/dolphin-watching-facebook.png","type":"image\/png"}],"twitter_card":"summary_large_image","twitter_site":"@AdriaticDolphin","schema":{"@context":"https:\/\/schema.org","@graph":[{"@type":"WebPage","@id":"https:\/\/www.dolphin-watching.com\/de\/arten\/","url":"https:\/\/www.dolphin-watching.com\/de\/arten\/","name":"Welche Arten kann man in der N\u00f6rdlichen Adria sehen? - Dolphin Watching Adriatic","isPartOf":{"@id":"https:\/\/www.dolphin-watching.com\/#website"},"datePublished":"2018-04-15T13:56:31+00:00","dateModified":"2018-04-19T19:38:58+00:00","breadcrumb":{"@id":"https:\/\/www.dolphin-watching.com\/de\/arten\/#breadcrumb"},"inLanguage":"de","potentialAction":[{"@type":"ReadAction","target":["https:\/\/www.dolphin-watching.com\/de\/arten\/"]}]},{"@type":"BreadcrumbList","@id":"https:\/\/www.dolphin-watching.com\/de\/arten\/#breadcrumb","itemListElement":[{"@type":"ListItem","position":1,"name":"Po\u010detna stranica","item":"https:\/\/www.dolphin-watching.com\/de\/"},{"@type":"ListItem","position":2,"name":"Welche Arten kann man in der N\u00f6rdlichen Adria sehen?"}]},{"@type":"WebSite","@id":"https:\/\/www.dolphin-watching.com\/#website","url":"https:\/\/www.dolphin-watching.com\/","name":"Dolphin Watching Adriatic","description":"","publisher":{"@id":"https:\/\/www.dolphin-watching.com\/#organization"},"potentialAction":[{"@type":"SearchAction","target":{"@type":"EntryPoint","urlTemplate":"https:\/\/www.dolphin-watching.com\/?s={search_term_string}"},"query-input":{"@type":"PropertyValueSpecification","valueRequired":true,"valueName":"search_term_string"}}],"inLanguage":"de"},{"@type":"Organization","@id":"https:\/\/www.dolphin-watching.com\/#organization","name":"Dolphin Watching Adriatic","url":"https:\/\/www.dolphin-watching.com\/","logo":{"@type":"ImageObject","inLanguage":"de","@id":"https:\/\/www.dolphin-watching.com\/#\/schema\/logo\/image\/","url":"https:\/\/www.dolphin-watching.com\/upload-data\/2018\/04\/52b15c_62711e04b77c4f2889ee5f288c0d6306.png","contentUrl":"https:\/\/www.dolphin-watching.com\/upload-data\/2018\/04\/52b15c_62711e04b77c4f2889ee5f288c0d6306.png","width":249,"height":260,"caption":"Dolphin Watching Adriatic"},"image":{"@id":"https:\/\/www.dolphin-watching.com\/#\/schema\/logo\/image\/"},"sameAs":["https:\/\/www.facebook.com\/DolphinWatchingAdriatic\/","https:\/\/x.com\/AdriaticDolphin","https:\/\/www.instagram.com\/dolphinwatching.adriatic\/","https:\/\/www.youtube.com\/user\/BlueWorldInstutute"]}]}},"_links":{"self":[{"href":"https:\/\/www.dolphin-watching.com\/de\/wp-json\/wp\/v2\/pages\/300","targetHints":{"allow":["GET"]}}],"collection":[{"href":"https:\/\/www.dolphin-watching.com\/de\/wp-json\/wp\/v2\/pages"}],"about":[{"href":"https:\/\/www.dolphin-watching.com\/de\/wp-json\/wp\/v2\/types\/page"}],"author":[{"embeddable":true,"href":"https:\/\/www.dolphin-watching.com\/de\/wp-json\/wp\/v2\/users\/1"}],"replies":[{"embeddable":true,"href":"https:\/\/www.dolphin-watching.com\/de\/wp-json\/wp\/v2\/comments?post=300"}],"version-history":[{"count":5,"href":"https:\/\/www.dolphin-watching.com\/de\/wp-json\/wp\/v2\/pages\/300\/revisions"}],"predecessor-version":[{"id":396,"href":"https:\/\/www.dolphin-watching.com\/de\/wp-json\/wp\/v2\/pages\/300\/revisions\/396"}],"wp:attachment":[{"href":"https:\/\/www.dolphin-watching.com\/de\/wp-json\/wp\/v2\/media?parent=300"}],"curies":[{"name":"wp","href":"https:\/\/api.w.org\/{rel}","templated":true}]}}