{"id":303,"date":"2018-04-15T15:39:25","date_gmt":"2018-04-15T13:39:25","guid":{"rendered":"http:\/\/projects.redneck.media\/dolphin\/the-team\/"},"modified":"2018-04-19T21:07:27","modified_gmt":"2018-04-19T19:07:27","slug":"crew","status":"publish","type":"page","link":"https:\/\/www.dolphin-watching.com\/de\/crew\/","title":{"rendered":"Crew"},"content":{"rendered":"<h2>Dem Delfinschutz gewidmet!<\/h2>\n<p>W\u00e4hrend Duje und Marko sich um Ihren Ausflug und die Sicherheit auf See k\u00fcmmert, werden Ihnen die Mitarbeiter des Blue World Institute einen Einf\u00fchrungsvortrag geben, damit Sie wissen, was sie auf See erwarten k\u00f6nnen. Fast alle der Gro\u00dfen T\u00fcmmler in dem Gebiet um Lo\u0161inj sind residente Tiere, das hei\u00dft sie verbringen ihr ganzes Leben in diesen Gew\u00e4ssern. Die Forscher kennen jeden einzelnen.<\/p>\n<p>Jeder Delfin hat eine einzigartige R\u00fcckenflosse, an der man ihn erkennen kann \u2013 fast wie der Fingerabdruck des Menschen.<\/p>\n<p>Wir geben ihnen dann sogar einen Namen!<\/p>\n","protected":false},"excerpt":{"rendered":"<p>Dem Delfinschutz gewidmet! W\u00e4hrend Duje und Marko sich um Ihren Ausflug und die Sicherheit auf See k\u00fcmmert, werden Ihnen die Mitarbeiter des Blue World Institute einen Einf\u00fchrungsvortrag geben, damit Sie wissen, was sie auf See erwarten k\u00f6nnen. Fast &hellip;<\/p>\n","protected":false},"author":1,"featured_media":0,"parent":0,"menu_order":6,"comment_status":"closed","ping_status":"closed","template":"","meta":{"_acf_changed":false,"footnotes":""},"class_list":["post-303","page","type-page","status-publish","hentry"],"acf":[],"yoast_head":"<!-- This site is optimized with the Yoast SEO plugin v27.5 - https:\/\/yoast.com\/product\/yoast-seo-wordpress\/ -->\n<title>Crew - Dolphin Watching Adriatic<\/title>\n<meta name=\"robots\" content=\"index, follow, max-snippet:-1, max-image-preview:large, max-video-preview:-1\" \/>\n<link rel=\"canonical\" href=\"https:\/\/www.dolphin-watching.com\/de\/crew\/\" \/>\n<meta property=\"og:locale\" content=\"de_DE\" \/>\n<meta property=\"og:type\" content=\"article\" \/>\n<meta property=\"og:title\" content=\"Crew - Dolphin Watching Adriatic\" \/>\n<meta property=\"og:description\" content=\"Dem Delfinschutz gewidmet! W\u00e4hrend Duje und Marko sich um Ihren Ausflug und die Sicherheit auf See k\u00fcmmert, werden Ihnen die Mitarbeiter des Blue World Institute einen Einf\u00fchrungsvortrag geben, damit Sie wissen, was sie auf See erwarten k\u00f6nnen. Fast &hellip;\" \/>\n<meta property=\"og:url\" content=\"https:\/\/www.dolphin-watching.com\/de\/crew\/\" \/>\n<meta property=\"og:site_name\" content=\"Dolphin Watching Adriatic\" \/>\n<meta property=\"article:publisher\" content=\"https:\/\/www.facebook.com\/DolphinWatchingAdriatic\/\" \/>\n<meta property=\"article:modified_time\" content=\"2018-04-19T19:07:27+00:00\" \/>\n<meta property=\"og:image\" content=\"https:\/\/www.dolphin-watching.com\/upload-data\/2018\/05\/dolphin-watching-facebook.png\" \/>\n\t<meta property=\"og:image:width\" content=\"1440\" \/>\n\t<meta property=\"og:image:height\" content=\"750\" \/>\n\t<meta property=\"og:image:type\" content=\"image\/png\" \/>\n<meta name=\"twitter:card\" content=\"summary_large_image\" \/>\n<meta name=\"twitter:site\" content=\"@AdriaticDolphin\" \/>\n<meta name=\"twitter:label1\" content=\"Gesch\u00e4tzte Lesezeit\" \/>\n\t<meta name=\"twitter:data1\" content=\"1\u00a0Minute\" \/>\n<script type=\"application\/ld+json\" class=\"yoast-schema-graph\">{\"@context\":\"https:\\\/\\\/schema.org\",\"@graph\":[{\"@type\":\"WebPage\",\"@id\":\"https:\\\/\\\/www.dolphin-watching.com\\\/de\\\/crew\\\/\",\"url\":\"https:\\\/\\\/www.dolphin-watching.com\\\/de\\\/crew\\\/\",\"name\":\"Crew - Dolphin Watching Adriatic\",\"isPartOf\":{\"@id\":\"https:\\\/\\\/www.dolphin-watching.com\\\/#website\"},\"datePublished\":\"2018-04-15T13:39:25+00:00\",\"dateModified\":\"2018-04-19T19:07:27+00:00\",\"breadcrumb\":{\"@id\":\"https:\\\/\\\/www.dolphin-watching.com\\\/de\\\/crew\\\/#breadcrumb\"},\"inLanguage\":\"de\",\"potentialAction\":[{\"@type\":\"ReadAction\",\"target\":[\"https:\\\/\\\/www.dolphin-watching.com\\\/de\\\/crew\\\/\"]}]},{\"@type\":\"BreadcrumbList\",\"@id\":\"https:\\\/\\\/www.dolphin-watching.com\\\/de\\\/crew\\\/#breadcrumb\",\"itemListElement\":[{\"@type\":\"ListItem\",\"position\":1,\"name\":\"Po\u010detna stranica\",\"item\":\"https:\\\/\\\/www.dolphin-watching.com\\\/de\\\/\"},{\"@type\":\"ListItem\",\"position\":2,\"name\":\"Crew\"}]},{\"@type\":\"WebSite\",\"@id\":\"https:\\\/\\\/www.dolphin-watching.com\\\/#website\",\"url\":\"https:\\\/\\\/www.dolphin-watching.com\\\/\",\"name\":\"Dolphin Watching Adriatic\",\"description\":\"\",\"publisher\":{\"@id\":\"https:\\\/\\\/www.dolphin-watching.com\\\/#organization\"},\"potentialAction\":[{\"@type\":\"SearchAction\",\"target\":{\"@type\":\"EntryPoint\",\"urlTemplate\":\"https:\\\/\\\/www.dolphin-watching.com\\\/?s={search_term_string}\"},\"query-input\":{\"@type\":\"PropertyValueSpecification\",\"valueRequired\":true,\"valueName\":\"search_term_string\"}}],\"inLanguage\":\"de\"},{\"@type\":\"Organization\",\"@id\":\"https:\\\/\\\/www.dolphin-watching.com\\\/#organization\",\"name\":\"Dolphin Watching Adriatic\",\"url\":\"https:\\\/\\\/www.dolphin-watching.com\\\/\",\"logo\":{\"@type\":\"ImageObject\",\"inLanguage\":\"de\",\"@id\":\"https:\\\/\\\/www.dolphin-watching.com\\\/#\\\/schema\\\/logo\\\/image\\\/\",\"url\":\"https:\\\/\\\/www.dolphin-watching.com\\\/wp-content\\\/uploads\\\/2018\\\/04\\\/52b15c_62711e04b77c4f2889ee5f288c0d6306.png\",\"contentUrl\":\"https:\\\/\\\/www.dolphin-watching.com\\\/wp-content\\\/uploads\\\/2018\\\/04\\\/52b15c_62711e04b77c4f2889ee5f288c0d6306.png\",\"width\":249,\"height\":260,\"caption\":\"Dolphin Watching Adriatic\"},\"image\":{\"@id\":\"https:\\\/\\\/www.dolphin-watching.com\\\/#\\\/schema\\\/logo\\\/image\\\/\"},\"sameAs\":[\"https:\\\/\\\/www.facebook.com\\\/DolphinWatchingAdriatic\\\/\",\"https:\\\/\\\/x.com\\\/AdriaticDolphin\",\"https:\\\/\\\/www.instagram.com\\\/dolphinwatching.adriatic\\\/\",\"https:\\\/\\\/www.youtube.com\\\/user\\\/BlueWorldInstutute\"]}]}<\/script>\n<!-- \/ Yoast SEO plugin. -->","yoast_head_json":{"title":"Crew - Dolphin Watching Adriatic","robots":{"index":"index","follow":"follow","max-snippet":"max-snippet:-1","max-image-preview":"max-image-preview:large","max-video-preview":"max-video-preview:-1"},"canonical":"https:\/\/www.dolphin-watching.com\/de\/crew\/","og_locale":"de_DE","og_type":"article","og_title":"Crew - Dolphin Watching Adriatic","og_description":"Dem Delfinschutz gewidmet! W\u00e4hrend Duje und Marko sich um Ihren Ausflug und die Sicherheit auf See k\u00fcmmert, werden Ihnen die Mitarbeiter des Blue World Institute einen Einf\u00fchrungsvortrag geben, damit Sie wissen, was sie auf See erwarten k\u00f6nnen. Fast &hellip;","og_url":"https:\/\/www.dolphin-watching.com\/de\/crew\/","og_site_name":"Dolphin Watching Adriatic","article_publisher":"https:\/\/www.facebook.com\/DolphinWatchingAdriatic\/","article_modified_time":"2018-04-19T19:07:27+00:00","og_image":[{"width":1440,"height":750,"url":"https:\/\/www.dolphin-watching.com\/upload-data\/2018\/05\/dolphin-watching-facebook.png","type":"image\/png"}],"twitter_card":"summary_large_image","twitter_site":"@AdriaticDolphin","twitter_misc":{"Gesch\u00e4tzte Lesezeit":"1\u00a0Minute"},"schema":{"@context":"https:\/\/schema.org","@graph":[{"@type":"WebPage","@id":"https:\/\/www.dolphin-watching.com\/de\/crew\/","url":"https:\/\/www.dolphin-watching.com\/de\/crew\/","name":"Crew - Dolphin Watching Adriatic","isPartOf":{"@id":"https:\/\/www.dolphin-watching.com\/#website"},"datePublished":"2018-04-15T13:39:25+00:00","dateModified":"2018-04-19T19:07:27+00:00","breadcrumb":{"@id":"https:\/\/www.dolphin-watching.com\/de\/crew\/#breadcrumb"},"inLanguage":"de","potentialAction":[{"@type":"ReadAction","target":["https:\/\/www.dolphin-watching.com\/de\/crew\/"]}]},{"@type":"BreadcrumbList","@id":"https:\/\/www.dolphin-watching.com\/de\/crew\/#breadcrumb","itemListElement":[{"@type":"ListItem","position":1,"name":"Po\u010detna stranica","item":"https:\/\/www.dolphin-watching.com\/de\/"},{"@type":"ListItem","position":2,"name":"Crew"}]},{"@type":"WebSite","@id":"https:\/\/www.dolphin-watching.com\/#website","url":"https:\/\/www.dolphin-watching.com\/","name":"Dolphin Watching Adriatic","description":"","publisher":{"@id":"https:\/\/www.dolphin-watching.com\/#organization"},"potentialAction":[{"@type":"SearchAction","target":{"@type":"EntryPoint","urlTemplate":"https:\/\/www.dolphin-watching.com\/?s={search_term_string}"},"query-input":{"@type":"PropertyValueSpecification","valueRequired":true,"valueName":"search_term_string"}}],"inLanguage":"de"},{"@type":"Organization","@id":"https:\/\/www.dolphin-watching.com\/#organization","name":"Dolphin Watching Adriatic","url":"https:\/\/www.dolphin-watching.com\/","logo":{"@type":"ImageObject","inLanguage":"de","@id":"https:\/\/www.dolphin-watching.com\/#\/schema\/logo\/image\/","url":"https:\/\/www.dolphin-watching.com\/upload-data\/2018\/04\/52b15c_62711e04b77c4f2889ee5f288c0d6306.png","contentUrl":"https:\/\/www.dolphin-watching.com\/upload-data\/2018\/04\/52b15c_62711e04b77c4f2889ee5f288c0d6306.png","width":249,"height":260,"caption":"Dolphin Watching Adriatic"},"image":{"@id":"https:\/\/www.dolphin-watching.com\/#\/schema\/logo\/image\/"},"sameAs":["https:\/\/www.facebook.com\/DolphinWatchingAdriatic\/","https:\/\/x.com\/AdriaticDolphin","https:\/\/www.instagram.com\/dolphinwatching.adriatic\/","https:\/\/www.youtube.com\/user\/BlueWorldInstutute"]}]}},"_links":{"self":[{"href":"https:\/\/www.dolphin-watching.com\/de\/wp-json\/wp\/v2\/pages\/303","targetHints":{"allow":["GET"]}}],"collection":[{"href":"https:\/\/www.dolphin-watching.com\/de\/wp-json\/wp\/v2\/pages"}],"about":[{"href":"https:\/\/www.dolphin-watching.com\/de\/wp-json\/wp\/v2\/types\/page"}],"author":[{"embeddable":true,"href":"https:\/\/www.dolphin-watching.com\/de\/wp-json\/wp\/v2\/users\/1"}],"replies":[{"embeddable":true,"href":"https:\/\/www.dolphin-watching.com\/de\/wp-json\/wp\/v2\/comments?post=303"}],"version-history":[{"count":3,"href":"https:\/\/www.dolphin-watching.com\/de\/wp-json\/wp\/v2\/pages\/303\/revisions"}],"predecessor-version":[{"id":369,"href":"https:\/\/www.dolphin-watching.com\/de\/wp-json\/wp\/v2\/pages\/303\/revisions\/369"}],"wp:attachment":[{"href":"https:\/\/www.dolphin-watching.com\/de\/wp-json\/wp\/v2\/media?parent=303"}],"curies":[{"name":"wp","href":"https:\/\/api.w.org\/{rel}","templated":true}]}}