{"id":311,"date":"2018-04-13T20:30:43","date_gmt":"2018-04-13T18:30:43","guid":{"rendered":"http:\/\/projects.redneck.media\/dolphin\/timetable-prices-for-dolphin-watching-trips-on-losinj-croatia\/"},"modified":"2026-03-05T11:29:29","modified_gmt":"2026-03-05T10:29:29","slug":"preise","status":"publish","type":"page","link":"https:\/\/www.dolphin-watching.com\/de\/preise\/","title":{"rendered":"Termine und Preise f\u00fcr Dolphin Watching Ausfl\u00fcge auf Lo\u0161inj"},"content":{"rendered":"<p>Die Saison f\u00fcr unsere Ausfl\u00fcge beginnt im Mai. F\u00fcr Anfragen ausserhalb unserer Saison kontaktieren Sie uns bitte telefonisch oder per Mail.<\/p>\n<p>Das vollst\u00e4ndige Programm f\u00fcr den Ausflug kann bis zu 3 Stunden oder weniger dauern, je nachdem, wann wir die Delfine sehen. Auf der Seite \u201c<a href=\"http:\/\/www.dolphin-watching.com\/de\/was-sie-erwartet\/\">Was Sie erwartet<\/a>\u201d finden Sie Informationen wie Sie sich am besten kleiden sollten.<\/p>\n<p><strong>Der Ausflug h\u00e4ngt von den Wetterbedingungen und der Anzahl der Pl\u00e4tze an Bord ab<\/strong>. Alle Informationen \u00fcber die Zeit der Abfahrt bekommen Sie bei der Reservierung des Ausfluges auf Lo\u0161inj.<\/p>\n<p><strong>Die Ticketpreise variieren <\/strong>je nach Saison und \u00c4nderungen der Kraftstoffkosten. Bitte kontaktieren Sie uns, um Ihren Ticketpreis zu best\u00e4tigen.<\/p>\n<p>&nbsp;<\/p>\n<p><span style=\"text-decoration: underline;\"><strong>HOCHSAISON PREISE (01.05.2026. &#8211; 30.08.2026.)<\/strong><\/span><\/p>\n<p>Regul\u00e4rer preis: 60,00 \u20ac<br \/>\nKinder (bis 14 Jahre alt): 50,00 \u20ac<br \/>\nFamilienkarte (2 regul\u00e4rer preis karte + 2 Kinder bis 14 Jahre alt): 175,00 \u20ac<br \/>\n6 oder mehr regul\u00e4re karte: 55,00 \u20ac<br \/>\nBuchen Sie das ganze Schiff: 600,00 \u20ac<\/p>\n<p><strong>Hinweis<\/strong>: Das <strong>Familienkarte<\/strong> ist f\u00fcr vier Personen g\u00fcltig. Bitte w\u00e4hlen Sie bei der Online-Buchung <strong>4 Tickets zu je 43,25 \u20ac<\/strong>, insgesamt <strong>175 \u20ac<\/strong>. Nur so kann das System den Familientarif anwenden. Vielen Dank f\u00fcr Ihr Verst\u00e4ndnis!<\/p>\n<p>&nbsp;<\/p>\n<p><strong>ACHTUNG:<\/strong> <span style=\"text-decoration: underline;\">Das Betreten des Bootes erfolgt auf eigene Gefahr<\/span>.<\/p>\n","protected":false},"excerpt":{"rendered":"<p>Die Saison f\u00fcr unsere Ausfl\u00fcge beginnt im Mai. F\u00fcr Anfragen ausserhalb unserer Saison kontaktieren Sie uns bitte telefonisch oder per Mail. Das vollst\u00e4ndige Programm f\u00fcr den Ausflug kann bis zu 3 Stunden oder weniger dauern, je nachdem, wann &hellip;<\/p>\n","protected":false},"author":1,"featured_media":788,"parent":0,"menu_order":10,"comment_status":"closed","ping_status":"closed","template":"tpl-prices.php","meta":{"_acf_changed":false,"footnotes":""},"class_list":["post-311","page","type-page","status-publish","has-post-thumbnail","hentry"],"acf":[],"yoast_head":"<!-- This site is optimized with the Yoast SEO plugin v26.4 - https:\/\/yoast.com\/wordpress\/plugins\/seo\/ -->\n<title>Termine und Preise f\u00fcr Dolphin Watching Ausfl\u00fcge auf Lo\u0161inj - Dolphin Watching Adriatic<\/title>\n<meta name=\"robots\" content=\"index, follow, max-snippet:-1, max-image-preview:large, max-video-preview:-1\" \/>\n<link rel=\"canonical\" href=\"https:\/\/www.dolphin-watching.com\/de\/preise\/\" \/>\n<meta property=\"og:locale\" content=\"de_DE\" \/>\n<meta property=\"og:type\" content=\"article\" \/>\n<meta property=\"og:title\" content=\"Termine und Preise f\u00fcr Dolphin Watching Ausfl\u00fcge auf Lo\u0161inj - Dolphin Watching Adriatic\" \/>\n<meta property=\"og:description\" content=\"Die Saison f\u00fcr unsere Ausfl\u00fcge beginnt im Mai. F\u00fcr Anfragen ausserhalb unserer Saison kontaktieren Sie uns bitte telefonisch oder per Mail. Das vollst\u00e4ndige Programm f\u00fcr den Ausflug kann bis zu 3 Stunden oder weniger dauern, je nachdem, wann &hellip;\" \/>\n<meta property=\"og:url\" content=\"https:\/\/www.dolphin-watching.com\/de\/preise\/\" \/>\n<meta property=\"og:site_name\" content=\"Dolphin Watching Adriatic\" \/>\n<meta property=\"article:publisher\" content=\"https:\/\/www.facebook.com\/DolphinWatchingAdriatic\/\" \/>\n<meta property=\"article:modified_time\" content=\"2026-03-05T10:29:29+00:00\" \/>\n<meta property=\"og:image\" content=\"https:\/\/www.dolphin-watching.com\/upload-data\/2020\/02\/190619_56_1_0249.jpg\" \/>\n\t<meta property=\"og:image:width\" content=\"2560\" \/>\n\t<meta property=\"og:image:height\" content=\"1577\" \/>\n\t<meta property=\"og:image:type\" content=\"image\/jpeg\" \/>\n<meta name=\"twitter:card\" content=\"summary_large_image\" \/>\n<meta name=\"twitter:site\" content=\"@AdriaticDolphin\" \/>\n<meta name=\"twitter:label1\" content=\"Gesch\u00e4tzte Lesezeit\" \/>\n\t<meta name=\"twitter:data1\" content=\"2\u00a0Minuten\" \/>\n<script type=\"application\/ld+json\" class=\"yoast-schema-graph\">{\"@context\":\"https:\/\/schema.org\",\"@graph\":[{\"@type\":\"WebPage\",\"@id\":\"https:\/\/www.dolphin-watching.com\/de\/preise\/\",\"url\":\"https:\/\/www.dolphin-watching.com\/de\/preise\/\",\"name\":\"Termine und Preise f\u00fcr Dolphin Watching Ausfl\u00fcge auf Lo\u0161inj - Dolphin Watching Adriatic\",\"isPartOf\":{\"@id\":\"https:\/\/www.dolphin-watching.com\/#website\"},\"primaryImageOfPage\":{\"@id\":\"https:\/\/www.dolphin-watching.com\/de\/preise\/#primaryimage\"},\"image\":{\"@id\":\"https:\/\/www.dolphin-watching.com\/de\/preise\/#primaryimage\"},\"thumbnailUrl\":\"https:\/\/www.dolphin-watching.com\/upload-data\/2020\/02\/190619_56_1_0249.jpg\",\"datePublished\":\"2018-04-13T18:30:43+00:00\",\"dateModified\":\"2026-03-05T10:29:29+00:00\",\"breadcrumb\":{\"@id\":\"https:\/\/www.dolphin-watching.com\/de\/preise\/#breadcrumb\"},\"inLanguage\":\"de\",\"potentialAction\":[{\"@type\":\"ReadAction\",\"target\":[\"https:\/\/www.dolphin-watching.com\/de\/preise\/\"]}]},{\"@type\":\"ImageObject\",\"inLanguage\":\"de\",\"@id\":\"https:\/\/www.dolphin-watching.com\/de\/preise\/#primaryimage\",\"url\":\"https:\/\/www.dolphin-watching.com\/upload-data\/2020\/02\/190619_56_1_0249.jpg\",\"contentUrl\":\"https:\/\/www.dolphin-watching.com\/upload-data\/2020\/02\/190619_56_1_0249.jpg\",\"width\":2560,\"height\":1577},{\"@type\":\"BreadcrumbList\",\"@id\":\"https:\/\/www.dolphin-watching.com\/de\/preise\/#breadcrumb\",\"itemListElement\":[{\"@type\":\"ListItem\",\"position\":1,\"name\":\"Po\u010detna stranica\",\"item\":\"https:\/\/www.dolphin-watching.com\/de\/\"},{\"@type\":\"ListItem\",\"position\":2,\"name\":\"Termine und Preise f\u00fcr Dolphin Watching Ausfl\u00fcge auf Lo\u0161inj\"}]},{\"@type\":\"WebSite\",\"@id\":\"https:\/\/www.dolphin-watching.com\/#website\",\"url\":\"https:\/\/www.dolphin-watching.com\/\",\"name\":\"Dolphin Watching Adriatic\",\"description\":\"\",\"publisher\":{\"@id\":\"https:\/\/www.dolphin-watching.com\/#organization\"},\"potentialAction\":[{\"@type\":\"SearchAction\",\"target\":{\"@type\":\"EntryPoint\",\"urlTemplate\":\"https:\/\/www.dolphin-watching.com\/?s={search_term_string}\"},\"query-input\":{\"@type\":\"PropertyValueSpecification\",\"valueRequired\":true,\"valueName\":\"search_term_string\"}}],\"inLanguage\":\"de\"},{\"@type\":\"Organization\",\"@id\":\"https:\/\/www.dolphin-watching.com\/#organization\",\"name\":\"Dolphin Watching Adriatic\",\"url\":\"https:\/\/www.dolphin-watching.com\/\",\"logo\":{\"@type\":\"ImageObject\",\"inLanguage\":\"de\",\"@id\":\"https:\/\/www.dolphin-watching.com\/#\/schema\/logo\/image\/\",\"url\":\"https:\/\/www.dolphin-watching.com\/upload-data\/2018\/04\/52b15c_62711e04b77c4f2889ee5f288c0d6306.png\",\"contentUrl\":\"https:\/\/www.dolphin-watching.com\/upload-data\/2018\/04\/52b15c_62711e04b77c4f2889ee5f288c0d6306.png\",\"width\":249,\"height\":260,\"caption\":\"Dolphin Watching Adriatic\"},\"image\":{\"@id\":\"https:\/\/www.dolphin-watching.com\/#\/schema\/logo\/image\/\"},\"sameAs\":[\"https:\/\/www.facebook.com\/DolphinWatchingAdriatic\/\",\"https:\/\/x.com\/AdriaticDolphin\",\"https:\/\/www.instagram.com\/dolphinwatching.adriatic\/\",\"https:\/\/www.youtube.com\/user\/BlueWorldInstutute\"]}]}<\/script>\n<!-- \/ Yoast SEO plugin. -->","yoast_head_json":{"title":"Termine und Preise f\u00fcr Dolphin Watching Ausfl\u00fcge auf Lo\u0161inj - Dolphin Watching Adriatic","robots":{"index":"index","follow":"follow","max-snippet":"max-snippet:-1","max-image-preview":"max-image-preview:large","max-video-preview":"max-video-preview:-1"},"canonical":"https:\/\/www.dolphin-watching.com\/de\/preise\/","og_locale":"de_DE","og_type":"article","og_title":"Termine und Preise f\u00fcr Dolphin Watching Ausfl\u00fcge auf Lo\u0161inj - Dolphin Watching Adriatic","og_description":"Die Saison f\u00fcr unsere Ausfl\u00fcge beginnt im Mai. F\u00fcr Anfragen ausserhalb unserer Saison kontaktieren Sie uns bitte telefonisch oder per Mail. Das vollst\u00e4ndige Programm f\u00fcr den Ausflug kann bis zu 3 Stunden oder weniger dauern, je nachdem, wann &hellip;","og_url":"https:\/\/www.dolphin-watching.com\/de\/preise\/","og_site_name":"Dolphin Watching Adriatic","article_publisher":"https:\/\/www.facebook.com\/DolphinWatchingAdriatic\/","article_modified_time":"2026-03-05T10:29:29+00:00","og_image":[{"width":2560,"height":1577,"url":"https:\/\/www.dolphin-watching.com\/upload-data\/2020\/02\/190619_56_1_0249.jpg","type":"image\/jpeg"}],"twitter_card":"summary_large_image","twitter_site":"@AdriaticDolphin","twitter_misc":{"Gesch\u00e4tzte Lesezeit":"2\u00a0Minuten"},"schema":{"@context":"https:\/\/schema.org","@graph":[{"@type":"WebPage","@id":"https:\/\/www.dolphin-watching.com\/de\/preise\/","url":"https:\/\/www.dolphin-watching.com\/de\/preise\/","name":"Termine und Preise f\u00fcr Dolphin Watching Ausfl\u00fcge auf Lo\u0161inj - Dolphin Watching Adriatic","isPartOf":{"@id":"https:\/\/www.dolphin-watching.com\/#website"},"primaryImageOfPage":{"@id":"https:\/\/www.dolphin-watching.com\/de\/preise\/#primaryimage"},"image":{"@id":"https:\/\/www.dolphin-watching.com\/de\/preise\/#primaryimage"},"thumbnailUrl":"https:\/\/www.dolphin-watching.com\/upload-data\/2020\/02\/190619_56_1_0249.jpg","datePublished":"2018-04-13T18:30:43+00:00","dateModified":"2026-03-05T10:29:29+00:00","breadcrumb":{"@id":"https:\/\/www.dolphin-watching.com\/de\/preise\/#breadcrumb"},"inLanguage":"de","potentialAction":[{"@type":"ReadAction","target":["https:\/\/www.dolphin-watching.com\/de\/preise\/"]}]},{"@type":"ImageObject","inLanguage":"de","@id":"https:\/\/www.dolphin-watching.com\/de\/preise\/#primaryimage","url":"https:\/\/www.dolphin-watching.com\/upload-data\/2020\/02\/190619_56_1_0249.jpg","contentUrl":"https:\/\/www.dolphin-watching.com\/upload-data\/2020\/02\/190619_56_1_0249.jpg","width":2560,"height":1577},{"@type":"BreadcrumbList","@id":"https:\/\/www.dolphin-watching.com\/de\/preise\/#breadcrumb","itemListElement":[{"@type":"ListItem","position":1,"name":"Po\u010detna stranica","item":"https:\/\/www.dolphin-watching.com\/de\/"},{"@type":"ListItem","position":2,"name":"Termine und Preise f\u00fcr Dolphin Watching Ausfl\u00fcge auf Lo\u0161inj"}]},{"@type":"WebSite","@id":"https:\/\/www.dolphin-watching.com\/#website","url":"https:\/\/www.dolphin-watching.com\/","name":"Dolphin Watching Adriatic","description":"","publisher":{"@id":"https:\/\/www.dolphin-watching.com\/#organization"},"potentialAction":[{"@type":"SearchAction","target":{"@type":"EntryPoint","urlTemplate":"https:\/\/www.dolphin-watching.com\/?s={search_term_string}"},"query-input":{"@type":"PropertyValueSpecification","valueRequired":true,"valueName":"search_term_string"}}],"inLanguage":"de"},{"@type":"Organization","@id":"https:\/\/www.dolphin-watching.com\/#organization","name":"Dolphin Watching Adriatic","url":"https:\/\/www.dolphin-watching.com\/","logo":{"@type":"ImageObject","inLanguage":"de","@id":"https:\/\/www.dolphin-watching.com\/#\/schema\/logo\/image\/","url":"https:\/\/www.dolphin-watching.com\/upload-data\/2018\/04\/52b15c_62711e04b77c4f2889ee5f288c0d6306.png","contentUrl":"https:\/\/www.dolphin-watching.com\/upload-data\/2018\/04\/52b15c_62711e04b77c4f2889ee5f288c0d6306.png","width":249,"height":260,"caption":"Dolphin Watching Adriatic"},"image":{"@id":"https:\/\/www.dolphin-watching.com\/#\/schema\/logo\/image\/"},"sameAs":["https:\/\/www.facebook.com\/DolphinWatchingAdriatic\/","https:\/\/x.com\/AdriaticDolphin","https:\/\/www.instagram.com\/dolphinwatching.adriatic\/","https:\/\/www.youtube.com\/user\/BlueWorldInstutute"]}]}},"_links":{"self":[{"href":"https:\/\/www.dolphin-watching.com\/de\/wp-json\/wp\/v2\/pages\/311","targetHints":{"allow":["GET"]}}],"collection":[{"href":"https:\/\/www.dolphin-watching.com\/de\/wp-json\/wp\/v2\/pages"}],"about":[{"href":"https:\/\/www.dolphin-watching.com\/de\/wp-json\/wp\/v2\/types\/page"}],"author":[{"embeddable":true,"href":"https:\/\/www.dolphin-watching.com\/de\/wp-json\/wp\/v2\/users\/1"}],"replies":[{"embeddable":true,"href":"https:\/\/www.dolphin-watching.com\/de\/wp-json\/wp\/v2\/comments?post=311"}],"version-history":[{"count":18,"href":"https:\/\/www.dolphin-watching.com\/de\/wp-json\/wp\/v2\/pages\/311\/revisions"}],"predecessor-version":[{"id":1427,"href":"https:\/\/www.dolphin-watching.com\/de\/wp-json\/wp\/v2\/pages\/311\/revisions\/1427"}],"wp:featuredmedia":[{"embeddable":true,"href":"https:\/\/www.dolphin-watching.com\/de\/wp-json\/wp\/v2\/media\/788"}],"wp:attachment":[{"href":"https:\/\/www.dolphin-watching.com\/de\/wp-json\/wp\/v2\/media?parent=311"}],"curies":[{"name":"wp","href":"https:\/\/api.w.org\/{rel}","templated":true}]}}