{"id":289,"date":"2018-04-15T16:12:33","date_gmt":"2018-04-15T14:12:33","guid":{"rendered":"http:\/\/projects.redneck.media\/dolphin\/responsible-behaviour-and-code-of-conduct\/"},"modified":"2018-04-19T21:16:36","modified_gmt":"2018-04-19T19:16:36","slug":"odgovorno-ponasanje","status":"publish","type":"page","link":"https:\/\/www.dolphin-watching.com\/hr\/odgovorno-ponasanje\/","title":{"rendered":"Odgovorno pona\u0161anje i  pravila pona\u0161anja"},"content":{"rendered":"<h2 class=\"font_2\">Za\u0161to imamo pravila za promatranje dupina?<\/h2>\n<p>Prilikom izbora gdje \u0107ete i s kim iza\u0107i u potragu za dupinima preporu\u010damo vam da posvetite odre\u0111enu pa\u017enju va\u0161em izboru. Va\u0161e iskustvo i u\u017eivanje biti \u0107e najve\u0107e ako se priklju\u010dite posadi koja ima na umu va\u0161u dobrobit ali i dobrobit dupina i okoli\u0161a u kojem oni obitavaju. Proganjanje dupina i nasilno pribli\u017eavanje stavljaju dupine u opasnost. Proganjanje dupina mo\u017ee uzrokovati njihovo napu\u0161tanje popdru\u010dja u kojem obitavaju, a u najgorim slu\u010dajevima nasilno proganjanje skupina s mladuncima mo\u017ee uzrokovati i njihovo ugibanje.<\/p>\n<p>Tako\u0111er, pribli\u017eavanje ve\u0107eg broja plovila koja sa svih strana okru\u017euju dupine uzrokuju stres, a mogu uzrokovati i ozlje\u0111ivanje \u017eivotinja brodskim elisama. Promatranje dupina mora osigurati sigurnost i vama i dupinima koje promatramo. Stoga se plovilo koje se pribli\u017eava skupini uvijek pribli\u017eava polako i s oprezom. Tijekom pribli\u017eavanja posada promatra pona\u0161anje \u017eivotinja te procjenjuje sigurnu udaljenost ovisno o sastavu skupine i pona\u0161anju. Uva\u017eavaju\u0107i znakove koje nam dupini \u0161alju mo\u017eemo osigurati njihovu sigurnost i na\u0161 u\u017eitak. Tako\u0111er, koliko god se trudili biti pristojni u njihovoj blizini, prisutnost plovila uvijek predstavlja odre\u0111eno uznemiravanje. Stoga na\u0161 susret ograni\u010davamo na najdu\u017ee 30 minuta nakon \u010dega se plovilo polako udaljava i napu\u0161ta dupine.<\/p>\n<p>Vjerujemo kako \u0107e va\u0161 boravak na na\u0161em brodu biti poseban do\u017eivljaj ne samo stoga \u0161to \u0107ete vidjeti najpoznatije jadranske dobre dupine ve\u0107 i stoga \u0161to \u0107ete saznati brojne informacije o tome kako \u017eive i o podru\u010dju u kojem \u017eive. Nadamo se da \u0107ete nam se pridru\u017eiti ponovo! A onima kojima ovo iskustvo potakne \u017eelju da se tijekom deset dana pridru\u017ee istra\u017eivanju dupina u Jadranu preporu\u010damo da se prijave na eko-volonterske programe Instituta Plavi svijet te da se pridru\u017ee istra\u017eiva\u010dima u istra\u017eiva\u010dkoj postaji na Lo\u0161inju ili na istra\u017eiva\u010dkom brodu koji radi u podru\u010dju jedinstvenog Nacionalnog parka Kornati!<\/p>\n","protected":false},"excerpt":{"rendered":"<p>Za\u0161to imamo pravila za promatranje dupina? Prilikom izbora gdje \u0107ete i s kim iza\u0107i u potragu za dupinima preporu\u010damo vam da posvetite odre\u0111enu pa\u017enju va\u0161em izboru. Va\u0161e iskustvo i u\u017eivanje biti \u0107e najve\u0107e ako se priklju\u010dite posadi koja &hellip;<\/p>\n","protected":false},"author":1,"featured_media":0,"parent":0,"menu_order":0,"comment_status":"closed","ping_status":"closed","template":"","meta":{"_acf_changed":false,"footnotes":""},"class_list":["post-289","page","type-page","status-publish","hentry"],"acf":[],"yoast_head":"<!-- This site is optimized with the Yoast SEO plugin v27.4 - https:\/\/yoast.com\/product\/yoast-seo-wordpress\/ -->\n<title>Odgovorno pona\u0161anje i pravila pona\u0161anja - Dolphin Watching Adriatic<\/title>\n<meta name=\"robots\" content=\"index, follow, max-snippet:-1, max-image-preview:large, max-video-preview:-1\" \/>\n<link rel=\"canonical\" href=\"https:\/\/www.dolphin-watching.com\/hr\/odgovorno-ponasanje\/\" \/>\n<meta property=\"og:locale\" content=\"hr_HR\" \/>\n<meta property=\"og:type\" content=\"article\" \/>\n<meta property=\"og:title\" content=\"Odgovorno pona\u0161anje i pravila pona\u0161anja - Dolphin Watching Adriatic\" \/>\n<meta property=\"og:description\" content=\"Za\u0161to imamo pravila za promatranje dupina? Prilikom izbora gdje \u0107ete i s kim iza\u0107i u potragu za dupinima preporu\u010damo vam da posvetite odre\u0111enu pa\u017enju va\u0161em izboru. Va\u0161e iskustvo i u\u017eivanje biti \u0107e najve\u0107e ako se priklju\u010dite posadi koja &hellip;\" \/>\n<meta property=\"og:url\" content=\"https:\/\/www.dolphin-watching.com\/hr\/odgovorno-ponasanje\/\" \/>\n<meta property=\"og:site_name\" content=\"Dolphin Watching Adriatic\" \/>\n<meta property=\"article:publisher\" content=\"https:\/\/www.facebook.com\/DolphinWatchingAdriatic\/\" \/>\n<meta property=\"article:modified_time\" content=\"2018-04-19T19:16:36+00:00\" \/>\n<meta property=\"og:image\" content=\"https:\/\/www.dolphin-watching.com\/upload-data\/2018\/05\/dolphin-watching-facebook.png\" \/>\n\t<meta property=\"og:image:width\" content=\"1440\" \/>\n\t<meta property=\"og:image:height\" content=\"750\" \/>\n\t<meta property=\"og:image:type\" content=\"image\/png\" \/>\n<meta name=\"twitter:card\" content=\"summary_large_image\" \/>\n<meta name=\"twitter:site\" content=\"@AdriaticDolphin\" \/>\n<meta name=\"twitter:label1\" content=\"Est. reading time\" \/>\n\t<meta name=\"twitter:data1\" content=\"2 minutes\" \/>\n<script type=\"application\/ld+json\" class=\"yoast-schema-graph\">{\"@context\":\"https:\\\/\\\/schema.org\",\"@graph\":[{\"@type\":\"WebPage\",\"@id\":\"https:\\\/\\\/www.dolphin-watching.com\\\/hr\\\/odgovorno-ponasanje\\\/\",\"url\":\"https:\\\/\\\/www.dolphin-watching.com\\\/hr\\\/odgovorno-ponasanje\\\/\",\"name\":\"Odgovorno pona\u0161anje i pravila pona\u0161anja - Dolphin Watching Adriatic\",\"isPartOf\":{\"@id\":\"https:\\\/\\\/www.dolphin-watching.com\\\/#website\"},\"datePublished\":\"2018-04-15T14:12:33+00:00\",\"dateModified\":\"2018-04-19T19:16:36+00:00\",\"breadcrumb\":{\"@id\":\"https:\\\/\\\/www.dolphin-watching.com\\\/hr\\\/odgovorno-ponasanje\\\/#breadcrumb\"},\"inLanguage\":\"hr-HR\",\"potentialAction\":[{\"@type\":\"ReadAction\",\"target\":[\"https:\\\/\\\/www.dolphin-watching.com\\\/hr\\\/odgovorno-ponasanje\\\/\"]}]},{\"@type\":\"BreadcrumbList\",\"@id\":\"https:\\\/\\\/www.dolphin-watching.com\\\/hr\\\/odgovorno-ponasanje\\\/#breadcrumb\",\"itemListElement\":[{\"@type\":\"ListItem\",\"position\":1,\"name\":\"Po\u010detna stranica\",\"item\":\"https:\\\/\\\/www.dolphin-watching.com\\\/hr\\\/\"},{\"@type\":\"ListItem\",\"position\":2,\"name\":\"Odgovorno pona\u0161anje i pravila pona\u0161anja\"}]},{\"@type\":\"WebSite\",\"@id\":\"https:\\\/\\\/www.dolphin-watching.com\\\/#website\",\"url\":\"https:\\\/\\\/www.dolphin-watching.com\\\/\",\"name\":\"Dolphin Watching Adriatic\",\"description\":\"\",\"publisher\":{\"@id\":\"https:\\\/\\\/www.dolphin-watching.com\\\/#organization\"},\"potentialAction\":[{\"@type\":\"SearchAction\",\"target\":{\"@type\":\"EntryPoint\",\"urlTemplate\":\"https:\\\/\\\/www.dolphin-watching.com\\\/?s={search_term_string}\"},\"query-input\":{\"@type\":\"PropertyValueSpecification\",\"valueRequired\":true,\"valueName\":\"search_term_string\"}}],\"inLanguage\":\"hr-HR\"},{\"@type\":\"Organization\",\"@id\":\"https:\\\/\\\/www.dolphin-watching.com\\\/#organization\",\"name\":\"Dolphin Watching Adriatic\",\"url\":\"https:\\\/\\\/www.dolphin-watching.com\\\/\",\"logo\":{\"@type\":\"ImageObject\",\"inLanguage\":\"hr-HR\",\"@id\":\"https:\\\/\\\/www.dolphin-watching.com\\\/#\\\/schema\\\/logo\\\/image\\\/\",\"url\":\"https:\\\/\\\/www.dolphin-watching.com\\\/wp-content\\\/uploads\\\/2018\\\/04\\\/52b15c_62711e04b77c4f2889ee5f288c0d6306.png\",\"contentUrl\":\"https:\\\/\\\/www.dolphin-watching.com\\\/wp-content\\\/uploads\\\/2018\\\/04\\\/52b15c_62711e04b77c4f2889ee5f288c0d6306.png\",\"width\":249,\"height\":260,\"caption\":\"Dolphin Watching Adriatic\"},\"image\":{\"@id\":\"https:\\\/\\\/www.dolphin-watching.com\\\/#\\\/schema\\\/logo\\\/image\\\/\"},\"sameAs\":[\"https:\\\/\\\/www.facebook.com\\\/DolphinWatchingAdriatic\\\/\",\"https:\\\/\\\/x.com\\\/AdriaticDolphin\",\"https:\\\/\\\/www.instagram.com\\\/dolphinwatching.adriatic\\\/\",\"https:\\\/\\\/www.youtube.com\\\/user\\\/BlueWorldInstutute\"]}]}<\/script>\n<!-- \/ Yoast SEO plugin. -->","yoast_head_json":{"title":"Odgovorno pona\u0161anje i pravila pona\u0161anja - Dolphin Watching Adriatic","robots":{"index":"index","follow":"follow","max-snippet":"max-snippet:-1","max-image-preview":"max-image-preview:large","max-video-preview":"max-video-preview:-1"},"canonical":"https:\/\/www.dolphin-watching.com\/hr\/odgovorno-ponasanje\/","og_locale":"hr_HR","og_type":"article","og_title":"Odgovorno pona\u0161anje i pravila pona\u0161anja - Dolphin Watching Adriatic","og_description":"Za\u0161to imamo pravila za promatranje dupina? Prilikom izbora gdje \u0107ete i s kim iza\u0107i u potragu za dupinima preporu\u010damo vam da posvetite odre\u0111enu pa\u017enju va\u0161em izboru. Va\u0161e iskustvo i u\u017eivanje biti \u0107e najve\u0107e ako se priklju\u010dite posadi koja &hellip;","og_url":"https:\/\/www.dolphin-watching.com\/hr\/odgovorno-ponasanje\/","og_site_name":"Dolphin Watching Adriatic","article_publisher":"https:\/\/www.facebook.com\/DolphinWatchingAdriatic\/","article_modified_time":"2018-04-19T19:16:36+00:00","og_image":[{"width":1440,"height":750,"url":"https:\/\/www.dolphin-watching.com\/upload-data\/2018\/05\/dolphin-watching-facebook.png","type":"image\/png"}],"twitter_card":"summary_large_image","twitter_site":"@AdriaticDolphin","twitter_misc":{"Est. reading time":"2 minutes"},"schema":{"@context":"https:\/\/schema.org","@graph":[{"@type":"WebPage","@id":"https:\/\/www.dolphin-watching.com\/hr\/odgovorno-ponasanje\/","url":"https:\/\/www.dolphin-watching.com\/hr\/odgovorno-ponasanje\/","name":"Odgovorno pona\u0161anje i pravila pona\u0161anja - Dolphin Watching Adriatic","isPartOf":{"@id":"https:\/\/www.dolphin-watching.com\/#website"},"datePublished":"2018-04-15T14:12:33+00:00","dateModified":"2018-04-19T19:16:36+00:00","breadcrumb":{"@id":"https:\/\/www.dolphin-watching.com\/hr\/odgovorno-ponasanje\/#breadcrumb"},"inLanguage":"hr-HR","potentialAction":[{"@type":"ReadAction","target":["https:\/\/www.dolphin-watching.com\/hr\/odgovorno-ponasanje\/"]}]},{"@type":"BreadcrumbList","@id":"https:\/\/www.dolphin-watching.com\/hr\/odgovorno-ponasanje\/#breadcrumb","itemListElement":[{"@type":"ListItem","position":1,"name":"Po\u010detna stranica","item":"https:\/\/www.dolphin-watching.com\/hr\/"},{"@type":"ListItem","position":2,"name":"Odgovorno pona\u0161anje i pravila pona\u0161anja"}]},{"@type":"WebSite","@id":"https:\/\/www.dolphin-watching.com\/#website","url":"https:\/\/www.dolphin-watching.com\/","name":"Dolphin Watching Adriatic","description":"","publisher":{"@id":"https:\/\/www.dolphin-watching.com\/#organization"},"potentialAction":[{"@type":"SearchAction","target":{"@type":"EntryPoint","urlTemplate":"https:\/\/www.dolphin-watching.com\/?s={search_term_string}"},"query-input":{"@type":"PropertyValueSpecification","valueRequired":true,"valueName":"search_term_string"}}],"inLanguage":"hr-HR"},{"@type":"Organization","@id":"https:\/\/www.dolphin-watching.com\/#organization","name":"Dolphin Watching Adriatic","url":"https:\/\/www.dolphin-watching.com\/","logo":{"@type":"ImageObject","inLanguage":"hr-HR","@id":"https:\/\/www.dolphin-watching.com\/#\/schema\/logo\/image\/","url":"https:\/\/www.dolphin-watching.com\/upload-data\/2018\/04\/52b15c_62711e04b77c4f2889ee5f288c0d6306.png","contentUrl":"https:\/\/www.dolphin-watching.com\/upload-data\/2018\/04\/52b15c_62711e04b77c4f2889ee5f288c0d6306.png","width":249,"height":260,"caption":"Dolphin Watching Adriatic"},"image":{"@id":"https:\/\/www.dolphin-watching.com\/#\/schema\/logo\/image\/"},"sameAs":["https:\/\/www.facebook.com\/DolphinWatchingAdriatic\/","https:\/\/x.com\/AdriaticDolphin","https:\/\/www.instagram.com\/dolphinwatching.adriatic\/","https:\/\/www.youtube.com\/user\/BlueWorldInstutute"]}]}},"_links":{"self":[{"href":"https:\/\/www.dolphin-watching.com\/hr\/wp-json\/wp\/v2\/pages\/289","targetHints":{"allow":["GET"]}}],"collection":[{"href":"https:\/\/www.dolphin-watching.com\/hr\/wp-json\/wp\/v2\/pages"}],"about":[{"href":"https:\/\/www.dolphin-watching.com\/hr\/wp-json\/wp\/v2\/types\/page"}],"author":[{"embeddable":true,"href":"https:\/\/www.dolphin-watching.com\/hr\/wp-json\/wp\/v2\/users\/1"}],"replies":[{"embeddable":true,"href":"https:\/\/www.dolphin-watching.com\/hr\/wp-json\/wp\/v2\/comments?post=289"}],"version-history":[{"count":2,"href":"https:\/\/www.dolphin-watching.com\/hr\/wp-json\/wp\/v2\/pages\/289\/revisions"}],"predecessor-version":[{"id":342,"href":"https:\/\/www.dolphin-watching.com\/hr\/wp-json\/wp\/v2\/pages\/289\/revisions\/342"}],"wp:attachment":[{"href":"https:\/\/www.dolphin-watching.com\/hr\/wp-json\/wp\/v2\/media?parent=289"}],"curies":[{"name":"wp","href":"https:\/\/api.w.org\/{rel}","templated":true}]}}