{"id":310,"date":"2018-04-13T20:30:43","date_gmt":"2018-04-13T18:30:43","guid":{"rendered":"http:\/\/projects.redneck.media\/dolphin\/timetable-prices-for-dolphin-watching-trips-on-losinj-croatia\/"},"modified":"2026-03-05T11:28:07","modified_gmt":"2026-03-05T10:28:07","slug":"cijene","status":"publish","type":"page","link":"https:\/\/www.dolphin-watching.com\/hr\/cijene\/","title":{"rendered":"Raspored i cijene izleta promatranja dupina na Lo\u0161inju"},"content":{"rendered":"<p>Sezona na\u0161ih izleta zapo\u010dinje u svibnju. Za mogu\u0107nost organiziranja izleta u drugo vrijeme obratite nam se telefonom ili putem e-maila.<\/p>\n<p>Cjelokupni program izleta promatrana dupina mo\u017ee trajati do 3 sata, ili manje, ovisno kad uo\u010dimo dupine. Na stranicama &#8220;<a href=\"http:\/\/www.dolphin-watching.com\/hr\/sto-ocekivati\/\">\u0160to o\u010dekivati<\/a>&#8221; potra\u017eite vi\u0161e informacija kako se obu\u0107i i \u0161to ponijeti sa sobom.<\/p>\n<p><strong>Izlazak na more ovisi o vremenskim uvjetima i dostatnom broju prodanih karata<\/strong>. Detaljne informacije o vremenu polaska dobit \u0107ete prilikom rezervacije svog izleta na Lo\u0161inju.\u200b<\/p>\n<p><strong>Cijene karata variraju <\/strong>ovisno o sezoni i o promjenama u cijeni goriva. Molimo Vas, kontaktirajte nas kako bismo potvrdili cijenu Va\u0161e karte.<\/p>\n<p>&nbsp;<\/p>\n<p><span style=\"text-decoration: underline;\"><strong>VISOKA SEZONA CIJENE (01.05.2026. &#8211; 30.08.2026.)<\/strong><\/span><\/p>\n<p>Redovna karta: 60,00 \u20ac<br \/>\nDjeca (do 14 godina): 50,00 \u20ac<br \/>\nObiteljska karta (2 redovne karte + 2 djece do 14 godina): 175,00 \u20ac<br \/>\n6 redovnih karata ili vi\u0161e: 55,00 \u20ac<br \/>\nRezervacija cijelog broda: 600,00 \u20ac<\/p>\n<p><strong>Napomena:<\/strong> <strong>Obiteljska karta<\/strong> vrijedi za \u010detiri osobe. Prilikom online rezervacije, molimo odaberite <strong>4 ulaznice po cijeni od 43,25 \u20ac<\/strong>, ukupno <strong>175 \u20ac<\/strong>. Samo na taj na\u010din sustav \u0107e primijeniti obiteljsku cijenu. Hvala na razumijevanju!<\/p>\n<p>&nbsp;<\/p>\n<p><strong>UPOZORENJE:<\/strong> <span style=\"text-decoration: underline;\">Ukrcavanje u brod je na vlastitu odgovornost.<\/span><\/p>\n","protected":false},"excerpt":{"rendered":"<p>Sezona na\u0161ih izleta zapo\u010dinje u svibnju. Za mogu\u0107nost organiziranja izleta u drugo vrijeme obratite nam se telefonom ili putem e-maila. Cjelokupni program izleta promatrana dupina mo\u017ee trajati do 3 sata, ili manje, ovisno kad uo\u010dimo dupine. Na stranicama &hellip;<\/p>\n","protected":false},"author":1,"featured_media":787,"parent":0,"menu_order":10,"comment_status":"closed","ping_status":"closed","template":"tpl-prices.php","meta":{"_acf_changed":false,"footnotes":""},"class_list":["post-310","page","type-page","status-publish","has-post-thumbnail","hentry"],"acf":[],"yoast_head":"<!-- This site is optimized with the Yoast SEO plugin v27.4 - https:\/\/yoast.com\/product\/yoast-seo-wordpress\/ -->\n<title>Raspored i cijene izleta promatranja dupina na Lo\u0161inju - Dolphin Watching Adriatic<\/title>\n<meta name=\"robots\" content=\"index, follow, max-snippet:-1, max-image-preview:large, max-video-preview:-1\" \/>\n<link rel=\"canonical\" href=\"https:\/\/www.dolphin-watching.com\/hr\/cijene\/\" \/>\n<meta property=\"og:locale\" content=\"hr_HR\" \/>\n<meta property=\"og:type\" content=\"article\" \/>\n<meta property=\"og:title\" content=\"Raspored i cijene izleta promatranja dupina na Lo\u0161inju - Dolphin Watching Adriatic\" \/>\n<meta property=\"og:description\" content=\"Sezona na\u0161ih izleta zapo\u010dinje u svibnju. Za mogu\u0107nost organiziranja izleta u drugo vrijeme obratite nam se telefonom ili putem e-maila. Cjelokupni program izleta promatrana dupina mo\u017ee trajati do 3 sata, ili manje, ovisno kad uo\u010dimo dupine. Na stranicama &hellip;\" \/>\n<meta property=\"og:url\" content=\"https:\/\/www.dolphin-watching.com\/hr\/cijene\/\" \/>\n<meta property=\"og:site_name\" content=\"Dolphin Watching Adriatic\" \/>\n<meta property=\"article:publisher\" content=\"https:\/\/www.facebook.com\/DolphinWatchingAdriatic\/\" \/>\n<meta property=\"article:modified_time\" content=\"2026-03-05T10:28:07+00:00\" \/>\n<meta property=\"og:image\" content=\"https:\/\/www.dolphin-watching.com\/upload-data\/2020\/02\/190619_56_1_0249.jpg\" \/>\n\t<meta property=\"og:image:width\" content=\"2560\" \/>\n\t<meta property=\"og:image:height\" content=\"1577\" \/>\n\t<meta property=\"og:image:type\" content=\"image\/jpeg\" \/>\n<meta name=\"twitter:card\" content=\"summary_large_image\" \/>\n<meta name=\"twitter:site\" content=\"@AdriaticDolphin\" \/>\n<meta name=\"twitter:label1\" content=\"Est. reading time\" \/>\n\t<meta name=\"twitter:data1\" content=\"2 minutes\" \/>\n<script type=\"application\/ld+json\" class=\"yoast-schema-graph\">{\"@context\":\"https:\\\/\\\/schema.org\",\"@graph\":[{\"@type\":\"WebPage\",\"@id\":\"https:\\\/\\\/www.dolphin-watching.com\\\/hr\\\/cijene\\\/\",\"url\":\"https:\\\/\\\/www.dolphin-watching.com\\\/hr\\\/cijene\\\/\",\"name\":\"Raspored i cijene izleta promatranja dupina na Lo\u0161inju - Dolphin Watching Adriatic\",\"isPartOf\":{\"@id\":\"https:\\\/\\\/www.dolphin-watching.com\\\/#website\"},\"primaryImageOfPage\":{\"@id\":\"https:\\\/\\\/www.dolphin-watching.com\\\/hr\\\/cijene\\\/#primaryimage\"},\"image\":{\"@id\":\"https:\\\/\\\/www.dolphin-watching.com\\\/hr\\\/cijene\\\/#primaryimage\"},\"thumbnailUrl\":\"https:\\\/\\\/www.dolphin-watching.com\\\/wp-content\\\/uploads\\\/2020\\\/02\\\/190619_56_1_0249.jpg\",\"datePublished\":\"2018-04-13T18:30:43+00:00\",\"dateModified\":\"2026-03-05T10:28:07+00:00\",\"breadcrumb\":{\"@id\":\"https:\\\/\\\/www.dolphin-watching.com\\\/hr\\\/cijene\\\/#breadcrumb\"},\"inLanguage\":\"hr-HR\",\"potentialAction\":[{\"@type\":\"ReadAction\",\"target\":[\"https:\\\/\\\/www.dolphin-watching.com\\\/hr\\\/cijene\\\/\"]}]},{\"@type\":\"ImageObject\",\"inLanguage\":\"hr-HR\",\"@id\":\"https:\\\/\\\/www.dolphin-watching.com\\\/hr\\\/cijene\\\/#primaryimage\",\"url\":\"https:\\\/\\\/www.dolphin-watching.com\\\/wp-content\\\/uploads\\\/2020\\\/02\\\/190619_56_1_0249.jpg\",\"contentUrl\":\"https:\\\/\\\/www.dolphin-watching.com\\\/wp-content\\\/uploads\\\/2020\\\/02\\\/190619_56_1_0249.jpg\",\"width\":2560,\"height\":1577},{\"@type\":\"BreadcrumbList\",\"@id\":\"https:\\\/\\\/www.dolphin-watching.com\\\/hr\\\/cijene\\\/#breadcrumb\",\"itemListElement\":[{\"@type\":\"ListItem\",\"position\":1,\"name\":\"Po\u010detna stranica\",\"item\":\"https:\\\/\\\/www.dolphin-watching.com\\\/hr\\\/\"},{\"@type\":\"ListItem\",\"position\":2,\"name\":\"Raspored i cijene izleta promatranja dupina na Lo\u0161inju\"}]},{\"@type\":\"WebSite\",\"@id\":\"https:\\\/\\\/www.dolphin-watching.com\\\/#website\",\"url\":\"https:\\\/\\\/www.dolphin-watching.com\\\/\",\"name\":\"Dolphin Watching Adriatic\",\"description\":\"\",\"publisher\":{\"@id\":\"https:\\\/\\\/www.dolphin-watching.com\\\/#organization\"},\"potentialAction\":[{\"@type\":\"SearchAction\",\"target\":{\"@type\":\"EntryPoint\",\"urlTemplate\":\"https:\\\/\\\/www.dolphin-watching.com\\\/?s={search_term_string}\"},\"query-input\":{\"@type\":\"PropertyValueSpecification\",\"valueRequired\":true,\"valueName\":\"search_term_string\"}}],\"inLanguage\":\"hr-HR\"},{\"@type\":\"Organization\",\"@id\":\"https:\\\/\\\/www.dolphin-watching.com\\\/#organization\",\"name\":\"Dolphin Watching Adriatic\",\"url\":\"https:\\\/\\\/www.dolphin-watching.com\\\/\",\"logo\":{\"@type\":\"ImageObject\",\"inLanguage\":\"hr-HR\",\"@id\":\"https:\\\/\\\/www.dolphin-watching.com\\\/#\\\/schema\\\/logo\\\/image\\\/\",\"url\":\"https:\\\/\\\/www.dolphin-watching.com\\\/wp-content\\\/uploads\\\/2018\\\/04\\\/52b15c_62711e04b77c4f2889ee5f288c0d6306.png\",\"contentUrl\":\"https:\\\/\\\/www.dolphin-watching.com\\\/wp-content\\\/uploads\\\/2018\\\/04\\\/52b15c_62711e04b77c4f2889ee5f288c0d6306.png\",\"width\":249,\"height\":260,\"caption\":\"Dolphin Watching Adriatic\"},\"image\":{\"@id\":\"https:\\\/\\\/www.dolphin-watching.com\\\/#\\\/schema\\\/logo\\\/image\\\/\"},\"sameAs\":[\"https:\\\/\\\/www.facebook.com\\\/DolphinWatchingAdriatic\\\/\",\"https:\\\/\\\/x.com\\\/AdriaticDolphin\",\"https:\\\/\\\/www.instagram.com\\\/dolphinwatching.adriatic\\\/\",\"https:\\\/\\\/www.youtube.com\\\/user\\\/BlueWorldInstutute\"]}]}<\/script>\n<!-- \/ Yoast SEO plugin. -->","yoast_head_json":{"title":"Raspored i cijene izleta promatranja dupina na Lo\u0161inju - Dolphin Watching Adriatic","robots":{"index":"index","follow":"follow","max-snippet":"max-snippet:-1","max-image-preview":"max-image-preview:large","max-video-preview":"max-video-preview:-1"},"canonical":"https:\/\/www.dolphin-watching.com\/hr\/cijene\/","og_locale":"hr_HR","og_type":"article","og_title":"Raspored i cijene izleta promatranja dupina na Lo\u0161inju - Dolphin Watching Adriatic","og_description":"Sezona na\u0161ih izleta zapo\u010dinje u svibnju. Za mogu\u0107nost organiziranja izleta u drugo vrijeme obratite nam se telefonom ili putem e-maila. Cjelokupni program izleta promatrana dupina mo\u017ee trajati do 3 sata, ili manje, ovisno kad uo\u010dimo dupine. Na stranicama &hellip;","og_url":"https:\/\/www.dolphin-watching.com\/hr\/cijene\/","og_site_name":"Dolphin Watching Adriatic","article_publisher":"https:\/\/www.facebook.com\/DolphinWatchingAdriatic\/","article_modified_time":"2026-03-05T10:28:07+00:00","og_image":[{"width":2560,"height":1577,"url":"https:\/\/www.dolphin-watching.com\/upload-data\/2020\/02\/190619_56_1_0249.jpg","type":"image\/jpeg"}],"twitter_card":"summary_large_image","twitter_site":"@AdriaticDolphin","twitter_misc":{"Est. reading time":"2 minutes"},"schema":{"@context":"https:\/\/schema.org","@graph":[{"@type":"WebPage","@id":"https:\/\/www.dolphin-watching.com\/hr\/cijene\/","url":"https:\/\/www.dolphin-watching.com\/hr\/cijene\/","name":"Raspored i cijene izleta promatranja dupina na Lo\u0161inju - Dolphin Watching Adriatic","isPartOf":{"@id":"https:\/\/www.dolphin-watching.com\/#website"},"primaryImageOfPage":{"@id":"https:\/\/www.dolphin-watching.com\/hr\/cijene\/#primaryimage"},"image":{"@id":"https:\/\/www.dolphin-watching.com\/hr\/cijene\/#primaryimage"},"thumbnailUrl":"https:\/\/www.dolphin-watching.com\/upload-data\/2020\/02\/190619_56_1_0249.jpg","datePublished":"2018-04-13T18:30:43+00:00","dateModified":"2026-03-05T10:28:07+00:00","breadcrumb":{"@id":"https:\/\/www.dolphin-watching.com\/hr\/cijene\/#breadcrumb"},"inLanguage":"hr-HR","potentialAction":[{"@type":"ReadAction","target":["https:\/\/www.dolphin-watching.com\/hr\/cijene\/"]}]},{"@type":"ImageObject","inLanguage":"hr-HR","@id":"https:\/\/www.dolphin-watching.com\/hr\/cijene\/#primaryimage","url":"https:\/\/www.dolphin-watching.com\/upload-data\/2020\/02\/190619_56_1_0249.jpg","contentUrl":"https:\/\/www.dolphin-watching.com\/upload-data\/2020\/02\/190619_56_1_0249.jpg","width":2560,"height":1577},{"@type":"BreadcrumbList","@id":"https:\/\/www.dolphin-watching.com\/hr\/cijene\/#breadcrumb","itemListElement":[{"@type":"ListItem","position":1,"name":"Po\u010detna stranica","item":"https:\/\/www.dolphin-watching.com\/hr\/"},{"@type":"ListItem","position":2,"name":"Raspored i cijene izleta promatranja dupina na Lo\u0161inju"}]},{"@type":"WebSite","@id":"https:\/\/www.dolphin-watching.com\/#website","url":"https:\/\/www.dolphin-watching.com\/","name":"Dolphin Watching Adriatic","description":"","publisher":{"@id":"https:\/\/www.dolphin-watching.com\/#organization"},"potentialAction":[{"@type":"SearchAction","target":{"@type":"EntryPoint","urlTemplate":"https:\/\/www.dolphin-watching.com\/?s={search_term_string}"},"query-input":{"@type":"PropertyValueSpecification","valueRequired":true,"valueName":"search_term_string"}}],"inLanguage":"hr-HR"},{"@type":"Organization","@id":"https:\/\/www.dolphin-watching.com\/#organization","name":"Dolphin Watching Adriatic","url":"https:\/\/www.dolphin-watching.com\/","logo":{"@type":"ImageObject","inLanguage":"hr-HR","@id":"https:\/\/www.dolphin-watching.com\/#\/schema\/logo\/image\/","url":"https:\/\/www.dolphin-watching.com\/upload-data\/2018\/04\/52b15c_62711e04b77c4f2889ee5f288c0d6306.png","contentUrl":"https:\/\/www.dolphin-watching.com\/upload-data\/2018\/04\/52b15c_62711e04b77c4f2889ee5f288c0d6306.png","width":249,"height":260,"caption":"Dolphin Watching Adriatic"},"image":{"@id":"https:\/\/www.dolphin-watching.com\/#\/schema\/logo\/image\/"},"sameAs":["https:\/\/www.facebook.com\/DolphinWatchingAdriatic\/","https:\/\/x.com\/AdriaticDolphin","https:\/\/www.instagram.com\/dolphinwatching.adriatic\/","https:\/\/www.youtube.com\/user\/BlueWorldInstutute"]}]}},"_links":{"self":[{"href":"https:\/\/www.dolphin-watching.com\/hr\/wp-json\/wp\/v2\/pages\/310","targetHints":{"allow":["GET"]}}],"collection":[{"href":"https:\/\/www.dolphin-watching.com\/hr\/wp-json\/wp\/v2\/pages"}],"about":[{"href":"https:\/\/www.dolphin-watching.com\/hr\/wp-json\/wp\/v2\/types\/page"}],"author":[{"embeddable":true,"href":"https:\/\/www.dolphin-watching.com\/hr\/wp-json\/wp\/v2\/users\/1"}],"replies":[{"embeddable":true,"href":"https:\/\/www.dolphin-watching.com\/hr\/wp-json\/wp\/v2\/comments?post=310"}],"version-history":[{"count":18,"href":"https:\/\/www.dolphin-watching.com\/hr\/wp-json\/wp\/v2\/pages\/310\/revisions"}],"predecessor-version":[{"id":1426,"href":"https:\/\/www.dolphin-watching.com\/hr\/wp-json\/wp\/v2\/pages\/310\/revisions\/1426"}],"wp:featuredmedia":[{"embeddable":true,"href":"https:\/\/www.dolphin-watching.com\/hr\/wp-json\/wp\/v2\/media\/787"}],"wp:attachment":[{"href":"https:\/\/www.dolphin-watching.com\/hr\/wp-json\/wp\/v2\/media?parent=310"}],"curies":[{"name":"wp","href":"https:\/\/api.w.org\/{rel}","templated":true}]}}