{"id":320,"date":"2018-04-13T19:13:11","date_gmt":"2018-04-13T17:13:11","guid":{"rendered":"http:\/\/projects.redneck.media\/dolphin\/disclaimer-and-service-conditions\/"},"modified":"2021-11-11T11:33:33","modified_gmt":"2021-11-11T10:33:33","slug":"izjava-o-odgovornosti","status":"publish","type":"page","link":"https:\/\/www.dolphin-watching.com\/hr\/izjava-o-odgovornosti\/","title":{"rendered":"Izjava o odricanju odgovornosti i uvjeti pru\u017eanja usluge"},"content":{"rendered":"<p><strong>Prilikom kupnje karte obavezno je ostaviti broj telefona kako bi vas epidemiolo\u0161ka slu\u017eba mogla kontaktirati u slu\u010daju sumnje na zarazu virusom COVID-19.<\/strong><\/p>\n<p>Plavi svijet doo pru\u017ea uslugu prijevoza brodom po\u0161tuju\u0107i sve zakonske obveze prema zakonima RH. Tako\u0111er, u okviru svojih mogu\u0107nosti Plavi svijet doo \u0107e u\u010diniti sve kako bi boravak putnika na brodu bio siguran i ugodan. Me\u0111utim, Plavi svijet doo ne preuzima odgovornost za bilo kakve neugodnosti uzrokovane pona\u0161anjem i nepa\u017enjom putnika.<\/p>\n<p>Izlazak na more je u potpunosti dobrovoljan. Plavi svijet doo ne preuzima nikakvu odgovornost za bilo kakve neugodnosti, ozljede i sli\u010dno koje mogu biti uzrokovane nepa\u017enjm korisnika na\u0161e usluge.<\/p>\n<p>Kupovinom karte svi sudionici potvr\u0111uju da su dobrog zdravlja te da mogu sudjelovati u izletu brodom.<\/p>\n<p>Svi putnici na plovilu osigurani su osnovnim osiguranjem Plavog svijeta doo za \u0161tetu prema tre\u0107im osobama. Osiguranje od nezgode za sve situacije koje su uvjetovane pona\u0161anjem ili nepa\u017enjom putnika nisu pokrivene ovim osiguranjem te Plavi svijet doo ne preuzima nikakvu odgovornost.<\/p>\n<p>Sva djeca mla\u0111a od 18 godina moraju biti u pratnji roditelja ili staratelja, a punu odgovornost za njih tijekom boravka na brodu preuzimaju roditelji ili staratelji.<\/p>\n<p>Preporu\u010damo da svi maloljetnici i nepliva\u010di tijekom vo\u017enje nose prsluke za spa\u0161avenje koji su osigurani. Djeca mla\u0111a od 3 godine ne mogu se ukrcati na plovilo.<\/p>\n<p>Svi putnici OBVEZNI su tijekom boravka na brodu pratiti upute posade i skipera. Odluka skipera je kona\u010dna.<\/p>\n<p>Sve \u017ealbe ili pohvale mogu se upisati u Knjigu \u017ealbi i pohvala koja je u svakom trenutku dostupna u prostorijama Plavog svijeta doo. Svi korisnici koji to zatra\u017ee biti \u0107e pismeno obavije\u0161teni o radnjama poduzetim temeljem \u017ealbi.<\/p>\n<p>Svi putnici i korisnici usluge prijevoza i promatranja dupina uva\u017eavaju kako su dupini divlje \u017eivotinje te da nije mogu\u0107e unaprijed garantirati pronalazak i promatranje dupina ili pona\u0161anje dupina.<\/p>\n<p>Rezervacija se smatra potvr\u0111enom nakon \u0161to je karta pla\u0107ena u cijelosti. Ako je pla\u0107anje izvr\u0161eno on-line, rezervacija se smatra potvr\u0111enom kad je uplata primljena na ra\u010dun Plavog svijet d.o.o. (ili na\u0161eg agenta). Nakon \u0161to je rezervacija potvr\u0111ena, upla\u0107eni iznos za kartu nije mogu\u0107e refundirati. Kartu je mogu\u0107e prenijeti na drugu osobu samo za rezervirano vrijeme izleta.<\/p>\n<p>U slu\u010daju da Plavi svijet d.o.o. otka\u017ee izlet prije izlaska na more, ili unutar prvih 30 minuta od izlaska iz luke, upla\u0107eni iznos bit \u0107e vra\u0107en u cijelosti. Putnici ne mogu potra\u017eivati nikakve druge tro\u0161kove.<\/p>\n<p>Iskustvo promatranja dupina uklju\u010duje predavanje u trajanju od 15 minuta koje prethodi izletu i najmanje 1 sat do maksimalno 3 sata na moru. Vrijeme provedeno na moru ovisi o vremenu potrebnom za pronalazak dupina i njihovom pona\u0161anju u na\u0161oj prisutnosti.<\/p>\n<p>U slu\u010daju da se tijekom prvog izlaska na more za koji je pla\u0107ena cijena usluge ne prona\u0111u dupini, putnicima \u0107e biti omogu\u0107en jo\u0161 jedan besplatni izlazak na more tijekom idu\u0107ih 7 dana u terminu prema izboru putnika i prema raspolo\u017eivosti mjesta na plovilu.<\/p>\n<p>U slu\u010daju bilo kakvog spora ili zahtjeva koji proizlaze iz ili u svezi s na\u0161om uslugom, stranke \u0107e prvo poku\u0161ati rije\u0161iti spor ili zahtjev prijateljski. Ako se u roku od 4 tjedna ne mo\u017ee posti\u0107i rje\u0161enje, stranke mogu podnijeti ugovaraju isklju\u010divu nadle\u017enost sudova Republike Hrvatske.<br \/>\nPutnici odri\u010du odgovornost Plavog svijeta d.o.o. za bilo kakvu direktnu ili indirektnu \u0161tetu, za bilo kakvu materijalnu ili ne-materijalnu \u0161tetu i\/ili tro\u0161kove (uklju\u010duju\u0107i i tro\u0161kove postupka) koji mogu nastat kao rezultat sudjelovanja u izletu promatranja dupina i\/ili mogu biti uvjetovani pona\u0161anjem sudionika.<\/p>\n<p>Kupnjom karte, putnici potvr\u0111uju da su upoznati s ovim Uvjetima pru\u017eanja usluge i odricanja od odgovornosti i prihva\u0107aju ih kao nesporne.<br \/>\nPutnici prihva\u0107aju da je verzija ove Izjave o odricanju od odgovornosti i uvjetima pru\u017eanja usluge napisana na hrvatskom jeziku izvorna verzija prema kojoj se izvode sva daljnja tuma\u010denja.<br \/>\nOvo Odricanje od odgovornosti i uvjeti pru\u017eanja usluge se primijenjuju na sve izlete i ulaznice kupljene nakon 26.8.2017.<\/p>\n","protected":false},"excerpt":{"rendered":"<p>Prilikom kupnje karte obavezno je ostaviti broj telefona kako bi vas epidemiolo\u0161ka slu\u017eba mogla kontaktirati u slu\u010daju sumnje na zarazu virusom COVID-19. Plavi svijet doo pru\u017ea uslugu prijevoza brodom po\u0161tuju\u0107i sve zakonske obveze prema zakonima RH. Tako\u0111er, u &hellip;<\/p>\n","protected":false},"author":1,"featured_media":0,"parent":0,"menu_order":9,"comment_status":"closed","ping_status":"closed","template":"","meta":{"_acf_changed":false,"footnotes":""},"class_list":["post-320","page","type-page","status-publish","hentry"],"acf":[],"yoast_head":"<!-- This site is optimized with the Yoast SEO plugin v27.4 - https:\/\/yoast.com\/product\/yoast-seo-wordpress\/ -->\n<title>Izjava o odricanju odgovornosti i uvjeti pru\u017eanja usluge - Dolphin Watching Adriatic<\/title>\n<meta name=\"robots\" content=\"index, follow, max-snippet:-1, max-image-preview:large, max-video-preview:-1\" \/>\n<link rel=\"canonical\" href=\"https:\/\/www.dolphin-watching.com\/hr\/izjava-o-odgovornosti\/\" \/>\n<meta property=\"og:locale\" content=\"hr_HR\" \/>\n<meta property=\"og:type\" content=\"article\" \/>\n<meta property=\"og:title\" content=\"Izjava o odricanju odgovornosti i uvjeti pru\u017eanja usluge - Dolphin Watching Adriatic\" \/>\n<meta property=\"og:description\" content=\"Prilikom kupnje karte obavezno je ostaviti broj telefona kako bi vas epidemiolo\u0161ka slu\u017eba mogla kontaktirati u slu\u010daju sumnje na zarazu virusom COVID-19. Plavi svijet doo pru\u017ea uslugu prijevoza brodom po\u0161tuju\u0107i sve zakonske obveze prema zakonima RH. Tako\u0111er, u &hellip;\" \/>\n<meta property=\"og:url\" content=\"https:\/\/www.dolphin-watching.com\/hr\/izjava-o-odgovornosti\/\" \/>\n<meta property=\"og:site_name\" content=\"Dolphin Watching Adriatic\" \/>\n<meta property=\"article:publisher\" content=\"https:\/\/www.facebook.com\/DolphinWatchingAdriatic\/\" \/>\n<meta property=\"article:modified_time\" content=\"2021-11-11T10:33:33+00:00\" \/>\n<meta property=\"og:image\" content=\"https:\/\/www.dolphin-watching.com\/upload-data\/2018\/05\/dolphin-watching-facebook.png\" \/>\n\t<meta property=\"og:image:width\" content=\"1440\" \/>\n\t<meta property=\"og:image:height\" content=\"750\" \/>\n\t<meta property=\"og:image:type\" content=\"image\/png\" \/>\n<meta name=\"twitter:card\" content=\"summary_large_image\" \/>\n<meta name=\"twitter:site\" content=\"@AdriaticDolphin\" \/>\n<meta name=\"twitter:label1\" content=\"Est. reading time\" \/>\n\t<meta name=\"twitter:data1\" content=\"3 minutes\" \/>\n<script type=\"application\/ld+json\" class=\"yoast-schema-graph\">{\"@context\":\"https:\\\/\\\/schema.org\",\"@graph\":[{\"@type\":\"WebPage\",\"@id\":\"https:\\\/\\\/www.dolphin-watching.com\\\/hr\\\/izjava-o-odgovornosti\\\/\",\"url\":\"https:\\\/\\\/www.dolphin-watching.com\\\/hr\\\/izjava-o-odgovornosti\\\/\",\"name\":\"Izjava o odricanju odgovornosti i uvjeti pru\u017eanja usluge - Dolphin Watching Adriatic\",\"isPartOf\":{\"@id\":\"https:\\\/\\\/www.dolphin-watching.com\\\/#website\"},\"datePublished\":\"2018-04-13T17:13:11+00:00\",\"dateModified\":\"2021-11-11T10:33:33+00:00\",\"breadcrumb\":{\"@id\":\"https:\\\/\\\/www.dolphin-watching.com\\\/hr\\\/izjava-o-odgovornosti\\\/#breadcrumb\"},\"inLanguage\":\"hr-HR\",\"potentialAction\":[{\"@type\":\"ReadAction\",\"target\":[\"https:\\\/\\\/www.dolphin-watching.com\\\/hr\\\/izjava-o-odgovornosti\\\/\"]}]},{\"@type\":\"BreadcrumbList\",\"@id\":\"https:\\\/\\\/www.dolphin-watching.com\\\/hr\\\/izjava-o-odgovornosti\\\/#breadcrumb\",\"itemListElement\":[{\"@type\":\"ListItem\",\"position\":1,\"name\":\"Po\u010detna stranica\",\"item\":\"https:\\\/\\\/www.dolphin-watching.com\\\/hr\\\/\"},{\"@type\":\"ListItem\",\"position\":2,\"name\":\"Izjava o odricanju odgovornosti i uvjeti pru\u017eanja usluge\"}]},{\"@type\":\"WebSite\",\"@id\":\"https:\\\/\\\/www.dolphin-watching.com\\\/#website\",\"url\":\"https:\\\/\\\/www.dolphin-watching.com\\\/\",\"name\":\"Dolphin Watching Adriatic\",\"description\":\"\",\"publisher\":{\"@id\":\"https:\\\/\\\/www.dolphin-watching.com\\\/#organization\"},\"potentialAction\":[{\"@type\":\"SearchAction\",\"target\":{\"@type\":\"EntryPoint\",\"urlTemplate\":\"https:\\\/\\\/www.dolphin-watching.com\\\/?s={search_term_string}\"},\"query-input\":{\"@type\":\"PropertyValueSpecification\",\"valueRequired\":true,\"valueName\":\"search_term_string\"}}],\"inLanguage\":\"hr-HR\"},{\"@type\":\"Organization\",\"@id\":\"https:\\\/\\\/www.dolphin-watching.com\\\/#organization\",\"name\":\"Dolphin Watching Adriatic\",\"url\":\"https:\\\/\\\/www.dolphin-watching.com\\\/\",\"logo\":{\"@type\":\"ImageObject\",\"inLanguage\":\"hr-HR\",\"@id\":\"https:\\\/\\\/www.dolphin-watching.com\\\/#\\\/schema\\\/logo\\\/image\\\/\",\"url\":\"https:\\\/\\\/www.dolphin-watching.com\\\/wp-content\\\/uploads\\\/2018\\\/04\\\/52b15c_62711e04b77c4f2889ee5f288c0d6306.png\",\"contentUrl\":\"https:\\\/\\\/www.dolphin-watching.com\\\/wp-content\\\/uploads\\\/2018\\\/04\\\/52b15c_62711e04b77c4f2889ee5f288c0d6306.png\",\"width\":249,\"height\":260,\"caption\":\"Dolphin Watching Adriatic\"},\"image\":{\"@id\":\"https:\\\/\\\/www.dolphin-watching.com\\\/#\\\/schema\\\/logo\\\/image\\\/\"},\"sameAs\":[\"https:\\\/\\\/www.facebook.com\\\/DolphinWatchingAdriatic\\\/\",\"https:\\\/\\\/x.com\\\/AdriaticDolphin\",\"https:\\\/\\\/www.instagram.com\\\/dolphinwatching.adriatic\\\/\",\"https:\\\/\\\/www.youtube.com\\\/user\\\/BlueWorldInstutute\"]}]}<\/script>\n<!-- \/ Yoast SEO plugin. -->","yoast_head_json":{"title":"Izjava o odricanju odgovornosti i uvjeti pru\u017eanja usluge - Dolphin Watching Adriatic","robots":{"index":"index","follow":"follow","max-snippet":"max-snippet:-1","max-image-preview":"max-image-preview:large","max-video-preview":"max-video-preview:-1"},"canonical":"https:\/\/www.dolphin-watching.com\/hr\/izjava-o-odgovornosti\/","og_locale":"hr_HR","og_type":"article","og_title":"Izjava o odricanju odgovornosti i uvjeti pru\u017eanja usluge - Dolphin Watching Adriatic","og_description":"Prilikom kupnje karte obavezno je ostaviti broj telefona kako bi vas epidemiolo\u0161ka slu\u017eba mogla kontaktirati u slu\u010daju sumnje na zarazu virusom COVID-19. Plavi svijet doo pru\u017ea uslugu prijevoza brodom po\u0161tuju\u0107i sve zakonske obveze prema zakonima RH. Tako\u0111er, u &hellip;","og_url":"https:\/\/www.dolphin-watching.com\/hr\/izjava-o-odgovornosti\/","og_site_name":"Dolphin Watching Adriatic","article_publisher":"https:\/\/www.facebook.com\/DolphinWatchingAdriatic\/","article_modified_time":"2021-11-11T10:33:33+00:00","og_image":[{"width":1440,"height":750,"url":"https:\/\/www.dolphin-watching.com\/upload-data\/2018\/05\/dolphin-watching-facebook.png","type":"image\/png"}],"twitter_card":"summary_large_image","twitter_site":"@AdriaticDolphin","twitter_misc":{"Est. reading time":"3 minutes"},"schema":{"@context":"https:\/\/schema.org","@graph":[{"@type":"WebPage","@id":"https:\/\/www.dolphin-watching.com\/hr\/izjava-o-odgovornosti\/","url":"https:\/\/www.dolphin-watching.com\/hr\/izjava-o-odgovornosti\/","name":"Izjava o odricanju odgovornosti i uvjeti pru\u017eanja usluge - Dolphin Watching Adriatic","isPartOf":{"@id":"https:\/\/www.dolphin-watching.com\/#website"},"datePublished":"2018-04-13T17:13:11+00:00","dateModified":"2021-11-11T10:33:33+00:00","breadcrumb":{"@id":"https:\/\/www.dolphin-watching.com\/hr\/izjava-o-odgovornosti\/#breadcrumb"},"inLanguage":"hr-HR","potentialAction":[{"@type":"ReadAction","target":["https:\/\/www.dolphin-watching.com\/hr\/izjava-o-odgovornosti\/"]}]},{"@type":"BreadcrumbList","@id":"https:\/\/www.dolphin-watching.com\/hr\/izjava-o-odgovornosti\/#breadcrumb","itemListElement":[{"@type":"ListItem","position":1,"name":"Po\u010detna stranica","item":"https:\/\/www.dolphin-watching.com\/hr\/"},{"@type":"ListItem","position":2,"name":"Izjava o odricanju odgovornosti i uvjeti pru\u017eanja usluge"}]},{"@type":"WebSite","@id":"https:\/\/www.dolphin-watching.com\/#website","url":"https:\/\/www.dolphin-watching.com\/","name":"Dolphin Watching Adriatic","description":"","publisher":{"@id":"https:\/\/www.dolphin-watching.com\/#organization"},"potentialAction":[{"@type":"SearchAction","target":{"@type":"EntryPoint","urlTemplate":"https:\/\/www.dolphin-watching.com\/?s={search_term_string}"},"query-input":{"@type":"PropertyValueSpecification","valueRequired":true,"valueName":"search_term_string"}}],"inLanguage":"hr-HR"},{"@type":"Organization","@id":"https:\/\/www.dolphin-watching.com\/#organization","name":"Dolphin Watching Adriatic","url":"https:\/\/www.dolphin-watching.com\/","logo":{"@type":"ImageObject","inLanguage":"hr-HR","@id":"https:\/\/www.dolphin-watching.com\/#\/schema\/logo\/image\/","url":"https:\/\/www.dolphin-watching.com\/upload-data\/2018\/04\/52b15c_62711e04b77c4f2889ee5f288c0d6306.png","contentUrl":"https:\/\/www.dolphin-watching.com\/upload-data\/2018\/04\/52b15c_62711e04b77c4f2889ee5f288c0d6306.png","width":249,"height":260,"caption":"Dolphin Watching Adriatic"},"image":{"@id":"https:\/\/www.dolphin-watching.com\/#\/schema\/logo\/image\/"},"sameAs":["https:\/\/www.facebook.com\/DolphinWatchingAdriatic\/","https:\/\/x.com\/AdriaticDolphin","https:\/\/www.instagram.com\/dolphinwatching.adriatic\/","https:\/\/www.youtube.com\/user\/BlueWorldInstutute"]}]}},"_links":{"self":[{"href":"https:\/\/www.dolphin-watching.com\/hr\/wp-json\/wp\/v2\/pages\/320","targetHints":{"allow":["GET"]}}],"collection":[{"href":"https:\/\/www.dolphin-watching.com\/hr\/wp-json\/wp\/v2\/pages"}],"about":[{"href":"https:\/\/www.dolphin-watching.com\/hr\/wp-json\/wp\/v2\/types\/page"}],"author":[{"embeddable":true,"href":"https:\/\/www.dolphin-watching.com\/hr\/wp-json\/wp\/v2\/users\/1"}],"replies":[{"embeddable":true,"href":"https:\/\/www.dolphin-watching.com\/hr\/wp-json\/wp\/v2\/comments?post=320"}],"version-history":[{"count":5,"href":"https:\/\/www.dolphin-watching.com\/hr\/wp-json\/wp\/v2\/pages\/320\/revisions"}],"predecessor-version":[{"id":981,"href":"https:\/\/www.dolphin-watching.com\/hr\/wp-json\/wp\/v2\/pages\/320\/revisions\/981"}],"wp:attachment":[{"href":"https:\/\/www.dolphin-watching.com\/hr\/wp-json\/wp\/v2\/media?parent=320"}],"curies":[{"name":"wp","href":"https:\/\/api.w.org\/{rel}","templated":true}]}}