{"id":323,"date":"2018-04-08T13:50:42","date_gmt":"2018-04-08T11:50:42","guid":{"rendered":"http:\/\/projects.redneck.media\/dolphin\/about-us\/"},"modified":"2021-04-29T11:52:39","modified_gmt":"2021-04-29T09:52:39","slug":"o-nama","status":"publish","type":"page","link":"https:\/\/www.dolphin-watching.com\/hr\/o-nama\/","title":{"rendered":"Plavi svijet d.o.o., Veli Lo\u0161inj &#8211; O nama"},"content":{"rendered":"<p>Plavi svijet d.o.o. je dru\u0161tvo u\u00a0100% vlasni\u0161tvu Instituta <a href=\"https:\/\/www.plavi-svijet.org\/\" target=\"_blank\" rel=\"noopener noreferrer\">Plavi svijet<\/a>.<\/p>\n<p>S obzirom na profesionalnost i prepoznatljivost rada Instituta Plavi svijet na istra\u017eivanju velikih morskih kralje\u0161njaka (dupina, morskih kornja\u010da, morskih pasa i sl.) u Jadranskom moru i posebice lo\u0161injskom akvatoriju, brojni gosti i posjetitelji Lo\u0161inja tra\u017eili su mogu\u0107nost da vide dupine u njihovom prirodnom okoli\u0161u i da nau\u010de ne\u0161to o njihovoj biologiji i pona\u0161anju. Kako bi im pru\u017eili takvu mogu\u0107nost, IPS je osnovao tvrtku, Plavi svijet doo s ciljem da svi zainteresirani mogu vidjeti lo\u0161injske dobre dupine u njihovom prirodnom okru\u017eenju.<\/p>\n<p>Kako bi se osigurala dobrobit \u017eivotinja i dugoro\u010dna odr\u017eivost ovog projekta, IPS \u0107e provesti redovni monitoring aktivnosti promatranja dupina s ciljem evaluacije mogu\u0107eg utjecaja na lokalnu zajednicu dobrih dupina. Tako\u0111er, IPS je osigurao provedbu seta obveznih pravila pona\u0161anja u blizini dupina s ciljem smanjivanja utjecaja uznemiravanja divljih dobrih dupina.<\/p>\n<p>Trebate li vi\u0161e informacija, obratite nam se!<\/p>\n<p>&nbsp;<\/p>\n<p><img loading=\"lazy\" decoding=\"async\" class=\" wp-image-183 alignleft\" src=\"https:\/\/www.dolphin-watching.com\/upload-data\/2018\/04\/52b15c_62711e04b77c4f2889ee5f288c0d6306.png\" alt=\"\" width=\"200\" height=\"209\" \/><em>Blue World Ltd &#8211;\u00a0Plavi svijet \u00a0d.o.o.<br \/>\n<\/em><em>Kaciol 17, HR-51551 Veli Lo\u0161inj, Hrvatska<br \/>\n<\/em><em>OIB: HR37051015766\u00a0 Mat.br. 040309229<br \/>\n<\/em><em>Osnovan 13.6.2013.<br \/>\n<\/em><em>Registriran na Trgova\u010dkom sudu u Rijeci 24.7.2013.<br \/>\n<\/em><em>IBAN: HR1524020061100940931<br \/>\nSWIFT\/BIC: ESBCHR22<\/em><\/p>\n<p>&nbsp;<\/p>\n","protected":false},"excerpt":{"rendered":"<p>Plavi svijet d.o.o. je dru\u0161tvo u\u00a0100% vlasni\u0161tvu Instituta Plavi svijet. S obzirom na profesionalnost i prepoznatljivost rada Instituta Plavi svijet na istra\u017eivanju velikih morskih kralje\u0161njaka (dupina, morskih kornja\u010da, morskih pasa i sl.) u Jadranskom moru i posebice lo\u0161injskom &hellip;<\/p>\n","protected":false},"author":1,"featured_media":0,"parent":0,"menu_order":11,"comment_status":"closed","ping_status":"closed","template":"","meta":{"_acf_changed":false,"footnotes":""},"class_list":["post-323","page","type-page","status-publish","hentry"],"acf":[],"yoast_head":"<!-- This site is optimized with the Yoast SEO plugin v27.4 - https:\/\/yoast.com\/product\/yoast-seo-wordpress\/ -->\n<title>Plavi svijet d.o.o., Veli Lo\u0161inj - O nama - Dolphin Watching Adriatic<\/title>\n<meta name=\"robots\" content=\"index, follow, max-snippet:-1, max-image-preview:large, max-video-preview:-1\" \/>\n<link rel=\"canonical\" href=\"https:\/\/www.dolphin-watching.com\/hr\/o-nama\/\" \/>\n<meta property=\"og:locale\" content=\"hr_HR\" \/>\n<meta property=\"og:type\" content=\"article\" \/>\n<meta property=\"og:title\" content=\"Plavi svijet d.o.o., Veli Lo\u0161inj - O nama - Dolphin Watching Adriatic\" \/>\n<meta property=\"og:description\" content=\"Plavi svijet d.o.o. je dru\u0161tvo u\u00a0100% vlasni\u0161tvu Instituta Plavi svijet. S obzirom na profesionalnost i prepoznatljivost rada Instituta Plavi svijet na istra\u017eivanju velikih morskih kralje\u0161njaka (dupina, morskih kornja\u010da, morskih pasa i sl.) u Jadranskom moru i posebice lo\u0161injskom &hellip;\" \/>\n<meta property=\"og:url\" content=\"https:\/\/www.dolphin-watching.com\/hr\/o-nama\/\" \/>\n<meta property=\"og:site_name\" content=\"Dolphin Watching Adriatic\" \/>\n<meta property=\"article:publisher\" content=\"https:\/\/www.facebook.com\/DolphinWatchingAdriatic\/\" \/>\n<meta property=\"article:modified_time\" content=\"2021-04-29T09:52:39+00:00\" \/>\n<meta property=\"og:image\" content=\"https:\/\/www.dolphin-watching.com\/upload-data\/2018\/04\/52b15c_62711e04b77c4f2889ee5f288c0d6306.png\" \/>\n<meta name=\"twitter:card\" content=\"summary_large_image\" \/>\n<meta name=\"twitter:site\" content=\"@AdriaticDolphin\" \/>\n<meta name=\"twitter:label1\" content=\"Est. reading time\" \/>\n\t<meta name=\"twitter:data1\" content=\"1 minute\" \/>\n<script type=\"application\/ld+json\" class=\"yoast-schema-graph\">{\"@context\":\"https:\\\/\\\/schema.org\",\"@graph\":[{\"@type\":\"WebPage\",\"@id\":\"https:\\\/\\\/www.dolphin-watching.com\\\/hr\\\/o-nama\\\/\",\"url\":\"https:\\\/\\\/www.dolphin-watching.com\\\/hr\\\/o-nama\\\/\",\"name\":\"Plavi svijet d.o.o., Veli Lo\u0161inj - O nama - Dolphin Watching Adriatic\",\"isPartOf\":{\"@id\":\"https:\\\/\\\/www.dolphin-watching.com\\\/#website\"},\"primaryImageOfPage\":{\"@id\":\"https:\\\/\\\/www.dolphin-watching.com\\\/hr\\\/o-nama\\\/#primaryimage\"},\"image\":{\"@id\":\"https:\\\/\\\/www.dolphin-watching.com\\\/hr\\\/o-nama\\\/#primaryimage\"},\"thumbnailUrl\":\"https:\\\/\\\/www.dolphin-watching.com\\\/wp-content\\\/uploads\\\/2018\\\/04\\\/52b15c_62711e04b77c4f2889ee5f288c0d6306.png\",\"datePublished\":\"2018-04-08T11:50:42+00:00\",\"dateModified\":\"2021-04-29T09:52:39+00:00\",\"breadcrumb\":{\"@id\":\"https:\\\/\\\/www.dolphin-watching.com\\\/hr\\\/o-nama\\\/#breadcrumb\"},\"inLanguage\":\"hr-HR\",\"potentialAction\":[{\"@type\":\"ReadAction\",\"target\":[\"https:\\\/\\\/www.dolphin-watching.com\\\/hr\\\/o-nama\\\/\"]}]},{\"@type\":\"ImageObject\",\"inLanguage\":\"hr-HR\",\"@id\":\"https:\\\/\\\/www.dolphin-watching.com\\\/hr\\\/o-nama\\\/#primaryimage\",\"url\":\"https:\\\/\\\/www.dolphin-watching.com\\\/wp-content\\\/uploads\\\/2018\\\/04\\\/52b15c_62711e04b77c4f2889ee5f288c0d6306.png\",\"contentUrl\":\"https:\\\/\\\/www.dolphin-watching.com\\\/wp-content\\\/uploads\\\/2018\\\/04\\\/52b15c_62711e04b77c4f2889ee5f288c0d6306.png\"},{\"@type\":\"BreadcrumbList\",\"@id\":\"https:\\\/\\\/www.dolphin-watching.com\\\/hr\\\/o-nama\\\/#breadcrumb\",\"itemListElement\":[{\"@type\":\"ListItem\",\"position\":1,\"name\":\"Po\u010detna stranica\",\"item\":\"https:\\\/\\\/www.dolphin-watching.com\\\/hr\\\/\"},{\"@type\":\"ListItem\",\"position\":2,\"name\":\"Plavi svijet d.o.o., Veli Lo\u0161inj &#8211; O nama\"}]},{\"@type\":\"WebSite\",\"@id\":\"https:\\\/\\\/www.dolphin-watching.com\\\/#website\",\"url\":\"https:\\\/\\\/www.dolphin-watching.com\\\/\",\"name\":\"Dolphin Watching Adriatic\",\"description\":\"\",\"publisher\":{\"@id\":\"https:\\\/\\\/www.dolphin-watching.com\\\/#organization\"},\"potentialAction\":[{\"@type\":\"SearchAction\",\"target\":{\"@type\":\"EntryPoint\",\"urlTemplate\":\"https:\\\/\\\/www.dolphin-watching.com\\\/?s={search_term_string}\"},\"query-input\":{\"@type\":\"PropertyValueSpecification\",\"valueRequired\":true,\"valueName\":\"search_term_string\"}}],\"inLanguage\":\"hr-HR\"},{\"@type\":\"Organization\",\"@id\":\"https:\\\/\\\/www.dolphin-watching.com\\\/#organization\",\"name\":\"Dolphin Watching Adriatic\",\"url\":\"https:\\\/\\\/www.dolphin-watching.com\\\/\",\"logo\":{\"@type\":\"ImageObject\",\"inLanguage\":\"hr-HR\",\"@id\":\"https:\\\/\\\/www.dolphin-watching.com\\\/#\\\/schema\\\/logo\\\/image\\\/\",\"url\":\"https:\\\/\\\/www.dolphin-watching.com\\\/wp-content\\\/uploads\\\/2018\\\/04\\\/52b15c_62711e04b77c4f2889ee5f288c0d6306.png\",\"contentUrl\":\"https:\\\/\\\/www.dolphin-watching.com\\\/wp-content\\\/uploads\\\/2018\\\/04\\\/52b15c_62711e04b77c4f2889ee5f288c0d6306.png\",\"width\":249,\"height\":260,\"caption\":\"Dolphin Watching Adriatic\"},\"image\":{\"@id\":\"https:\\\/\\\/www.dolphin-watching.com\\\/#\\\/schema\\\/logo\\\/image\\\/\"},\"sameAs\":[\"https:\\\/\\\/www.facebook.com\\\/DolphinWatchingAdriatic\\\/\",\"https:\\\/\\\/x.com\\\/AdriaticDolphin\",\"https:\\\/\\\/www.instagram.com\\\/dolphinwatching.adriatic\\\/\",\"https:\\\/\\\/www.youtube.com\\\/user\\\/BlueWorldInstutute\"]}]}<\/script>\n<!-- \/ Yoast SEO plugin. -->","yoast_head_json":{"title":"Plavi svijet d.o.o., Veli Lo\u0161inj - O nama - Dolphin Watching Adriatic","robots":{"index":"index","follow":"follow","max-snippet":"max-snippet:-1","max-image-preview":"max-image-preview:large","max-video-preview":"max-video-preview:-1"},"canonical":"https:\/\/www.dolphin-watching.com\/hr\/o-nama\/","og_locale":"hr_HR","og_type":"article","og_title":"Plavi svijet d.o.o., Veli Lo\u0161inj - O nama - Dolphin Watching Adriatic","og_description":"Plavi svijet d.o.o. je dru\u0161tvo u\u00a0100% vlasni\u0161tvu Instituta Plavi svijet. S obzirom na profesionalnost i prepoznatljivost rada Instituta Plavi svijet na istra\u017eivanju velikih morskih kralje\u0161njaka (dupina, morskih kornja\u010da, morskih pasa i sl.) u Jadranskom moru i posebice lo\u0161injskom &hellip;","og_url":"https:\/\/www.dolphin-watching.com\/hr\/o-nama\/","og_site_name":"Dolphin Watching Adriatic","article_publisher":"https:\/\/www.facebook.com\/DolphinWatchingAdriatic\/","article_modified_time":"2021-04-29T09:52:39+00:00","og_image":[{"url":"https:\/\/www.dolphin-watching.com\/upload-data\/2018\/04\/52b15c_62711e04b77c4f2889ee5f288c0d6306.png","type":"","width":"","height":""}],"twitter_card":"summary_large_image","twitter_site":"@AdriaticDolphin","twitter_misc":{"Est. reading time":"1 minute"},"schema":{"@context":"https:\/\/schema.org","@graph":[{"@type":"WebPage","@id":"https:\/\/www.dolphin-watching.com\/hr\/o-nama\/","url":"https:\/\/www.dolphin-watching.com\/hr\/o-nama\/","name":"Plavi svijet d.o.o., Veli Lo\u0161inj - O nama - Dolphin Watching Adriatic","isPartOf":{"@id":"https:\/\/www.dolphin-watching.com\/#website"},"primaryImageOfPage":{"@id":"https:\/\/www.dolphin-watching.com\/hr\/o-nama\/#primaryimage"},"image":{"@id":"https:\/\/www.dolphin-watching.com\/hr\/o-nama\/#primaryimage"},"thumbnailUrl":"https:\/\/www.dolphin-watching.com\/upload-data\/2018\/04\/52b15c_62711e04b77c4f2889ee5f288c0d6306.png","datePublished":"2018-04-08T11:50:42+00:00","dateModified":"2021-04-29T09:52:39+00:00","breadcrumb":{"@id":"https:\/\/www.dolphin-watching.com\/hr\/o-nama\/#breadcrumb"},"inLanguage":"hr-HR","potentialAction":[{"@type":"ReadAction","target":["https:\/\/www.dolphin-watching.com\/hr\/o-nama\/"]}]},{"@type":"ImageObject","inLanguage":"hr-HR","@id":"https:\/\/www.dolphin-watching.com\/hr\/o-nama\/#primaryimage","url":"https:\/\/www.dolphin-watching.com\/upload-data\/2018\/04\/52b15c_62711e04b77c4f2889ee5f288c0d6306.png","contentUrl":"https:\/\/www.dolphin-watching.com\/upload-data\/2018\/04\/52b15c_62711e04b77c4f2889ee5f288c0d6306.png"},{"@type":"BreadcrumbList","@id":"https:\/\/www.dolphin-watching.com\/hr\/o-nama\/#breadcrumb","itemListElement":[{"@type":"ListItem","position":1,"name":"Po\u010detna stranica","item":"https:\/\/www.dolphin-watching.com\/hr\/"},{"@type":"ListItem","position":2,"name":"Plavi svijet d.o.o., Veli Lo\u0161inj &#8211; O nama"}]},{"@type":"WebSite","@id":"https:\/\/www.dolphin-watching.com\/#website","url":"https:\/\/www.dolphin-watching.com\/","name":"Dolphin Watching Adriatic","description":"","publisher":{"@id":"https:\/\/www.dolphin-watching.com\/#organization"},"potentialAction":[{"@type":"SearchAction","target":{"@type":"EntryPoint","urlTemplate":"https:\/\/www.dolphin-watching.com\/?s={search_term_string}"},"query-input":{"@type":"PropertyValueSpecification","valueRequired":true,"valueName":"search_term_string"}}],"inLanguage":"hr-HR"},{"@type":"Organization","@id":"https:\/\/www.dolphin-watching.com\/#organization","name":"Dolphin Watching Adriatic","url":"https:\/\/www.dolphin-watching.com\/","logo":{"@type":"ImageObject","inLanguage":"hr-HR","@id":"https:\/\/www.dolphin-watching.com\/#\/schema\/logo\/image\/","url":"https:\/\/www.dolphin-watching.com\/upload-data\/2018\/04\/52b15c_62711e04b77c4f2889ee5f288c0d6306.png","contentUrl":"https:\/\/www.dolphin-watching.com\/upload-data\/2018\/04\/52b15c_62711e04b77c4f2889ee5f288c0d6306.png","width":249,"height":260,"caption":"Dolphin Watching Adriatic"},"image":{"@id":"https:\/\/www.dolphin-watching.com\/#\/schema\/logo\/image\/"},"sameAs":["https:\/\/www.facebook.com\/DolphinWatchingAdriatic\/","https:\/\/x.com\/AdriaticDolphin","https:\/\/www.instagram.com\/dolphinwatching.adriatic\/","https:\/\/www.youtube.com\/user\/BlueWorldInstutute"]}]}},"_links":{"self":[{"href":"https:\/\/www.dolphin-watching.com\/hr\/wp-json\/wp\/v2\/pages\/323","targetHints":{"allow":["GET"]}}],"collection":[{"href":"https:\/\/www.dolphin-watching.com\/hr\/wp-json\/wp\/v2\/pages"}],"about":[{"href":"https:\/\/www.dolphin-watching.com\/hr\/wp-json\/wp\/v2\/types\/page"}],"author":[{"embeddable":true,"href":"https:\/\/www.dolphin-watching.com\/hr\/wp-json\/wp\/v2\/users\/1"}],"replies":[{"embeddable":true,"href":"https:\/\/www.dolphin-watching.com\/hr\/wp-json\/wp\/v2\/comments?post=323"}],"version-history":[{"count":8,"href":"https:\/\/www.dolphin-watching.com\/hr\/wp-json\/wp\/v2\/pages\/323\/revisions"}],"predecessor-version":[{"id":897,"href":"https:\/\/www.dolphin-watching.com\/hr\/wp-json\/wp\/v2\/pages\/323\/revisions\/897"}],"wp:attachment":[{"href":"https:\/\/www.dolphin-watching.com\/hr\/wp-json\/wp\/v2\/media?parent=323"}],"curies":[{"name":"wp","href":"https:\/\/api.w.org\/{rel}","templated":true}]}}